{"id":1042,"date":"2022-05-17T17:59:02","date_gmt":"2022-05-17T17:59:02","guid":{"rendered":"https:\/\/sapro.cz\/2022\/?page_id=1042"},"modified":"2024-07-04T08:59:44","modified_gmt":"2024-07-04T08:59:44","slug":"volna-mista","status":"publish","type":"page","link":"https:\/\/sapro.cz\/2022\/sk\/volna-mista\/","title":{"rendered":"Voln\u00e1 m\u00edsta"},"content":{"rendered":"<div data-elementor-type=\"wp-page\" data-elementor-id=\"1042\" class=\"elementor elementor-1042\">\n\t\t\t\t\t\t<section class=\"elementor-section elementor-top-section elementor-element elementor-element-7551fe1 elementor-section-boxed elementor-section-height-default elementor-section-height-default\" data-id=\"7551fe1\" data-element_type=\"section\" data-e-type=\"section\">\n\t\t\t\t\t\t<div class=\"elementor-container elementor-column-gap-default\">\n\t\t\t\t\t<div class=\"elementor-column elementor-col-100 elementor-top-column elementor-element elementor-element-8f392a9\" data-id=\"8f392a9\" data-element_type=\"column\" data-e-type=\"column\">\n\t\t\t<div class=\"elementor-widget-wrap elementor-element-populated\">\n\t\t\t\t\t\t<div class=\"elementor-element elementor-element-ad47428 elementor-widget elementor-widget-heading\" data-id=\"ad47428\" data-element_type=\"widget\" data-e-type=\"widget\" data-widget_type=\"heading.default\">\n\t\t\t\t<div class=\"elementor-widget-container\">\n\t\t\t\t\t<h2 class=\"elementor-heading-title elementor-size-default\">Voln\u00e1 pracovn\u00ed m\u00edsta<\/h2>\t\t\t\t<\/div>\n\t\t\t\t<\/div>\n\t\t\t\t<div class=\"elementor-element elementor-element-f5bc7c9 elementor-widget elementor-widget-text-editor\" data-id=\"f5bc7c9\" data-element_type=\"widget\" data-e-type=\"widget\" data-widget_type=\"text-editor.default\">\n\t\t\t\t<div class=\"elementor-widget-container\">\n\t\t\t\t\t\t\t\t\t<header class=\"page-header col-lg-8\">\n<p><strong>SAMOSTATN\u00dd OBCHODN\u00cd MANAGER\/MANAGERKA VE VELKOOBCHOD\u011a S FOTOVOLTAIKOU A ELEKTRONIKOU<\/strong><\/p>\n<p><strong>M\u00edsto v\u00fdkonu pr\u00e1ce:<\/strong> Konsk\u00e1 455, T\u0159inec okr. Fr\u00fddek-M\u00edstek<\/p>\n<p><strong>Minim\u00e1ln\u00ed stupe\u0148 vzd\u011bl\u00e1n\u00ed:<\/strong> St\u0159edn\u00ed odborn\u00e9 (vyu\u010den)<\/p>\n<p><strong>Po\u017eadovan\u00e9 dovednosti:<\/strong>&nbsp;\u0158idi\u010dsk\u00fd pr\u016fkaz &#8211; \u0159\u00edzen\u00ed osobn\u00edch automobil\u016f &#8211; skupina B<\/p>\n<div class=\"pre text-justify\"><strong>T\u0158 z: <\/strong>27\/6\/2024<\/div>\n<div>&nbsp;<\/div>\n<\/header>\n<p><strong>V\u00fdhodou:<\/strong> &#8211; znalost anglick\u00e9ho, polsk\u00e9ho, rusk\u00e9ho jazyka<\/p>\n<p><b>Nab\u00edz\u00edme: <\/b>stravenky<\/p>\n<p><strong>Mzdov\u00e9 rozp\u011bt\u00ed:<\/strong>&nbsp;od 25 000 do 35 000 K\u010d\/m\u011bs\u00edc<\/p>\n<p><strong> Kontakt emailem: <\/strong><a href=\"mailto:info@sapro.cz\">&nbsp;info@sapro.cz<\/a><\/p>\n<div class=\"row\">\n<div id=\"primary\" class=\"col-lg-8\">\n<div class=\"mb-3 rounded bg-white shadow-xs\">\n<div class=\"p-3 p-md-4 border-bottom\">\n<div class=\"d-flex align-items-center lh-1 small text-secondary\">&nbsp;<\/div>\n<\/div>\n<\/div>\n<\/div>\n<\/div>\t\t\t\t\t\t\t\t<\/div>\n\t\t\t\t<\/div>\n\t\t\t\t\t<\/div>\n\t\t<\/div>\n\t\t\t\t\t<\/div>\n\t\t<\/section>\n\t\t\t\t<\/div>","protected":false},"excerpt":{"rendered":"<p>Voln\u00e1 pracovn\u00ed m\u00edsta SAMOSTATN\u00dd OBCHODN\u00cd MANAGER\/MANAGERKA VE VELKOOBCHOD\u011a S FOTOVOLTAIKOU A ELEKTRONIKOU M\u00edsto v\u00fdkonu pr\u00e1ce: Konsk\u00e1 455, T\u0159inec okr. Fr\u00fddek-M\u00edstek Minim\u00e1ln\u00ed stupe\u0148 vzd\u011bl\u00e1n\u00ed: St\u0159edn\u00ed odborn\u00e9 (vyu\u010den) Po\u017eadovan\u00e9 dovednosti:&nbsp;\u0158idi\u010dsk\u00fd pr\u016fkaz &#8211; \u0159\u00edzen\u00ed osobn\u00edch automobil\u016f &#8211; skupina B T\u0158 z: 27\/6\/2024 &nbsp; V\u00fdhodou: &#8211; znalost anglick\u00e9ho, polsk\u00e9ho, rusk\u00e9ho jazyka Nab\u00edz\u00edme: stravenky Mzdov\u00e9 rozp\u011bt\u00ed:&nbsp;od 25 000 do 35&hellip;&nbsp;<\/p>","protected":false},"author":1,"featured_media":0,"parent":0,"menu_order":0,"comment_status":"closed","ping_status":"closed","template":"elementor_header_footer","meta":{"om_disable_all_campaigns":false,"_monsterinsights_skip_tracking":false,"_monsterinsights_sitenote_active":false,"_monsterinsights_sitenote_note":"","_monsterinsights_sitenote_category":0,"neve_meta_sidebar":"","neve_meta_container":"","neve_meta_enable_content_width":"","neve_meta_content_width":0,"neve_meta_title_alignment":"","neve_meta_author_avatar":"","neve_post_elements_order":"","neve_meta_disable_header":"","neve_meta_disable_footer":"","neve_meta_disable_title":"","footnotes":""},"class_list":["post-1042","page","type-page","status-publish","hentry"],"aioseo_notices":[],"_links":{"self":[{"href":"https:\/\/sapro.cz\/2022\/sk\/wp-json\/wp\/v2\/pages\/1042","targetHints":{"allow":["GET"]}}],"collection":[{"href":"https:\/\/sapro.cz\/2022\/sk\/wp-json\/wp\/v2\/pages"}],"about":[{"href":"https:\/\/sapro.cz\/2022\/sk\/wp-json\/wp\/v2\/types\/page"}],"author":[{"embeddable":true,"href":"https:\/\/sapro.cz\/2022\/sk\/wp-json\/wp\/v2\/users\/1"}],"replies":[{"embeddable":true,"href":"https:\/\/sapro.cz\/2022\/sk\/wp-json\/wp\/v2\/comments?post=1042"}],"version-history":[{"count":13,"href":"https:\/\/sapro.cz\/2022\/sk\/wp-json\/wp\/v2\/pages\/1042\/revisions"}],"predecessor-version":[{"id":3328,"href":"https:\/\/sapro.cz\/2022\/sk\/wp-json\/wp\/v2\/pages\/1042\/revisions\/3328"}],"wp:attachment":[{"href":"https:\/\/sapro.cz\/2022\/sk\/wp-json\/wp\/v2\/media?parent=1042"}],"curies":[{"name":"wp","href":"https:\/\/api.w.org\/{rel}","templated":true}]}}