{"id":1472,"date":"2022-08-22T22:21:51","date_gmt":"2022-08-22T22:21:51","guid":{"rendered":"https:\/\/sapro.cz\/2022\/?page_id=1472"},"modified":"2022-08-22T22:27:21","modified_gmt":"2022-08-22T22:27:21","slug":"zasady-pouzivani-souboru-cookie","status":"publish","type":"page","link":"https:\/\/sapro.cz\/2022\/sk\/zasady-pouzivani-souboru-cookie\/","title":{"rendered":"Z\u00e1sady pou\u017e\u00edv\u00e1n\u00ed soubor\u016f cookie"},"content":{"rendered":"<div class=\"cli_pg_page_contaner\">\n<h3>O t\u011bchto z\u00e1sad\u00e1ch pou\u017e\u00edv\u00e1n\u00ed soubor\u016f cookie<\/h3>\n<div>Tyto z\u00e1sady pou\u017e\u00edv\u00e1n\u00ed soubor\u016f cookie vysv\u011btluj\u00ed, co jsou soubory cookie a jak je pou\u017e\u00edv\u00e1me, typy soubor\u016f cookie, kter\u00e9 pou\u017e\u00edv\u00e1me, tj. informace, kter\u00e9 shroma\u017e\u010fujeme pomoc\u00ed soubor\u016f cookie a jak jsou tyto informace pou\u017e\u00edv\u00e1ny, a jak ovl\u00e1dat preference soubor\u016f cookie. Dal\u0161\u00ed informace o tom, jak pou\u017e\u00edv\u00e1me, uchov\u00e1v\u00e1me a udr\u017eujeme va\u0161e osobn\u00ed \u00fadaje v bezpe\u010d\u00ed, naleznete v na\u0161ich Z\u00e1sad\u00e1ch ochrany osobn\u00edch \u00fadaj\u016f. Sv\u016fj souhlas s prohl\u00e1\u0161en\u00edm o souborech cookie na na\u0161em webu m\u016f\u017eete kdykoli zm\u011bnit nebo odvolat V\u00edce o tom, kdo jsme, jak n\u00e1s m\u016f\u017eete kontaktovat a jak zpracov\u00e1v\u00e1me osobn\u00ed \u00fadaje, se dozv\u00edte v na\u0161ich Z\u00e1sad\u00e1ch ochrany osobn\u00edch \u00fadaj\u016f. V\u00e1\u0161 souhlas se vztahuje na tyto dom\u00e9ny: sapro.cz <div class=\"cli_user_consent_state\">V\u00e1\u0161 aktu\u00e1lny stav: \u017diadny s\u00fahlas nebol udelen\u00fd. <a class=\"cli_manage_current_consent\" style=\"cursor:pointer;text-decoration:underline;\">Spravujte svoj s\u00fahlas.<\/a> <\/div><\/div>\n<h3>Co jsou cookies?<\/h3>\n<div>Cookies jsou mal\u00e9 textov\u00e9 soubory, kter\u00e9 se pou\u017e\u00edvaj\u00ed k ukl\u00e1d\u00e1n\u00ed mal\u00fdch informac\u00ed. Jsou ulo\u017eeny ve va\u0161em za\u0159\u00edzen\u00ed, kdy\u017e se webov\u00e1 str\u00e1nka na\u010dte do va\u0161eho prohl\u00ed\u017ee\u010de. Tyto soubory cookie n\u00e1m pom\u00e1haj\u00ed, aby webov\u00e9 str\u00e1nky spr\u00e1vn\u011b fungovaly, byly bezpe\u010dn\u011bj\u0161\u00ed, poskytovaly lep\u0161\u00ed u\u017eivatelskou zku\u0161enost a porozum\u011bly tomu, jak web funguje, a analyzovat, co funguje a kde je t\u0159eba zlep\u0161it.<\/div>\n<h3>Jak pou\u017e\u00edv\u00e1me soubory cookie?<\/h3>\n<div>Jako v\u011bt\u0161ina online slu\u017eeb pou\u017e\u00edv\u00e1 na\u0161e webov\u00e9 str\u00e1nky soubory cookie prvn\u00ed a t\u0159et\u00ed strany k n\u011bkolika \u00fa\u010del\u016fm. Cookies prvn\u00ed strany jsou v\u011bt\u0161inou nezbytn\u00e9 pro spr\u00e1vn\u00e9 fungov\u00e1n\u00ed webov\u00fdch str\u00e1nek a neshroma\u017e\u010fuj\u00ed \u017e\u00e1dn\u00e9 va\u0161e osobn\u00ed \u00fadaje. Soubory cookie t\u0159et\u00edch stran pou\u017e\u00edvan\u00e9 na na\u0161em webu slou\u017e\u00ed hlavn\u011b k pochopen\u00ed toho, jak web funguje, jak s na\u0161\u00edm webem komunikujete, k zaji\u0161t\u011bn\u00ed bezpe\u010dnosti na\u0161ich slu\u017eeb, poskytov\u00e1n\u00ed reklam, kter\u00e9 jsou pro v\u00e1s relevantn\u00ed, a celkov\u011b k poskytov\u00e1n\u00ed lep\u0161\u00edho a vylep\u0161en\u00e9ho u\u017eivatele. zku\u0161enosti a pomohou urychlit va\u0161e budouc\u00ed interakce s na\u0161imi webov\u00fdmi str\u00e1nkami.<\/div>\n<h3>Jak\u00e9 typy cookies pou\u017e\u00edv\u00e1me?<\/h3>\n<div><strong>Nezbytn\u00e9<\/strong>: N\u011bkter\u00e9 soubory cookie jsou nezbytn\u00e9, abyste mohli vyu\u017e\u00edvat plnou funk\u010dnost na\u0161ich str\u00e1nek. Umo\u017e\u0148uj\u00ed n\u00e1m udr\u017eovat u\u017eivatelsk\u00e9 relace a p\u0159edch\u00e1zet jak\u00fdmkoli bezpe\u010dnostn\u00edm hrozb\u00e1m. Neshroma\u017e\u010fuj\u00ed ani neukl\u00e1daj\u00ed \u017e\u00e1dn\u00e9 osobn\u00ed \u00fadaje. Tyto soubory cookie v\u00e1m nap\u0159\u00edklad umo\u017e\u0148uj\u00ed p\u0159ihl\u00e1sit se ke sv\u00e9mu \u00fa\u010dtu a p\u0159id\u00e1vat produkty do ko\u0161\u00edku a bezpe\u010dn\u011b platit.<\/div>\n<div><\/div>\n<div><strong>Statistick\u00e9<\/strong>: Tyto soubory cookie ukl\u00e1daj\u00ed informace, jako je po\u010det n\u00e1v\u0161t\u011bvn\u00edk\u016f webu, po\u010det unik\u00e1tn\u00edch n\u00e1v\u0161t\u011bvn\u00edk\u016f, kter\u00e9 str\u00e1nky webu byly nav\u0161t\u00edveny, zdroj n\u00e1v\u0161t\u011bvy atd. Tyto \u00fadaje n\u00e1m pom\u00e1haj\u00ed porozum\u011bt a analyzovat, jak dob\u0159e web funguje. a kde pot\u0159ebuje zlep\u0161en\u00ed.<\/div>\n<div><\/div>\n<div><strong>Marketing<\/strong>: Na\u0161e webov\u00e9 str\u00e1nky zobrazuj\u00ed reklamy. Tyto soubory cookie se pou\u017e\u00edvaj\u00ed k personalizaci reklam, kter\u00e9 v\u00e1m zobrazujeme, aby pro v\u00e1s byly smyslupln\u00e9. Tyto soubory cookie n\u00e1m tak\u00e9 pom\u00e1haj\u00ed sledovat efektivitu t\u011bchto reklamn\u00edch kampan\u00ed. Informace ulo\u017een\u00e9 v t\u011bchto souborech cookie mohou b\u00fdt tak\u00e9 pou\u017eity poskytovateli reklam t\u0159et\u00edch stran k zobrazov\u00e1n\u00ed reklam na jin\u00fdch webov\u00fdch str\u00e1nk\u00e1ch v prohl\u00ed\u017ee\u010di.<\/div>\n<div><\/div>\n<div><strong>Funk\u010dn\u00ed<\/strong>: Jedn\u00e1 se o soubory cookie, kter\u00e9 pom\u00e1haj\u00ed ur\u010dit\u00fdm nepodstatn\u00fdm funkc\u00edm na na\u0161em webu. Mezi tyto funkce pat\u0159\u00ed vkl\u00e1d\u00e1n\u00ed obsahu, jako jsou videa, nebo sd\u00edlen\u00ed obsahu webov\u00fdch str\u00e1nek na platform\u00e1ch soci\u00e1ln\u00edch m\u00e9di\u00ed.<\/div>\n<div><\/div>\n<div><strong>P\u0159edvolby<\/strong>: Tyto soubory cookie n\u00e1m pom\u00e1haj\u00ed ukl\u00e1dat va\u0161e nastaven\u00ed a preference proch\u00e1zen\u00ed, jako jsou jazykov\u00e9 preference, abyste m\u011bli lep\u0161\u00ed a efektivn\u011bj\u0161\u00ed zku\u0161enosti p\u0159i budouc\u00edch n\u00e1v\u0161t\u011bv\u00e1ch webov\u00fdch str\u00e1nek.<table class=\"cookielawinfo-row-cat-table cookielawinfo-classic\"><thead><tr><th class=\"cookielawinfo-column-1\">Cookie<\/th><th class=\"cookielawinfo-column-4\">Popis<\/th><\/tr><\/thead><tbody><tr class=\"cookielawinfo-row\"><td class=\"cookielawinfo-column-1\">_ga<\/td><td class=\"cookielawinfo-column-4\"><span>Tento n\u00e1zev souboru cookie je spojen s Google Universal Analytics \u2013 co\u017e je v\u00fdznamn\u00e1 aktualizace b\u011b\u017en\u011bji pou\u017e\u00edvan\u00e9 analytick\u00e9 slu\u017eby Google.\u00a0<\/span><span>Tento soubor cookie se pou\u017e\u00edv\u00e1 k rozli\u0161en\u00ed jedine\u010dn\u00fdch u\u017eivatel\u016f p\u0159i\u0159azen\u00edm n\u00e1hodn\u011b vygenerovan\u00e9ho \u010d\u00edsla jako identifik\u00e1toru klienta.\u00a0<\/span><span>Je sou\u010d\u00e1st\u00ed ka\u017ed\u00e9 \u017e\u00e1dosti o str\u00e1nku na webu a pou\u017e\u00edv\u00e1 se k v\u00fdpo\u010dtu \u00fadaj\u016f o n\u00e1v\u0161t\u011bvn\u00edc\u00edch, relac\u00edch a kampan\u00edch pro analytick\u00e9 p\u0159ehledy str\u00e1nek.<\/span><\/td><\/tr><tr class=\"cookielawinfo-row\"><td class=\"cookielawinfo-column-1\">_ga_30DMJJFBQ9<\/td><td class=\"cookielawinfo-column-4\">Tento soubor cookie pou\u017e\u00edv\u00e1 Google Analytics k zachov\u00e1n\u00ed stavu relace.<\/td><\/tr><tr class=\"cookielawinfo-row\"><td class=\"cookielawinfo-column-1\">cookielawinfo-checkbox-analytics<\/td><td class=\"cookielawinfo-column-4\">This cookie is set by GDPR Cookie Consent plugin. The cookie is used to store the user consent for the cookies in the category \"Analytics\".<\/td><\/tr><tr class=\"cookielawinfo-row\"><td class=\"cookielawinfo-column-1\">cookielawinfo-checkbox-functional<\/td><td class=\"cookielawinfo-column-4\">Soubor cookie je nastaven na z\u00e1klad\u011b souhlasu s cookie GDPR k zaznamen\u00e1n\u00ed souhlasu u\u017eivatele pro soubory cookie v kategorii \u201eFunk\u010dn\u00ed\u201c.\r\n<\/td><\/tr><tr class=\"cookielawinfo-row\"><td class=\"cookielawinfo-column-1\">cookielawinfo-checkbox-necessary<\/td><td class=\"cookielawinfo-column-4\">Tento soubor cookie je nastaven pluginem GDPR Cookie Consent. Cookies slou\u017e\u00ed k ulo\u017een\u00ed souhlasu u\u017eivatele s cookies v kategorii \u201eNezbytn\u00e9\u201c.<\/td><\/tr><tr class=\"cookielawinfo-row\"><td class=\"cookielawinfo-column-1\">cookielawinfo-checkbox-others<\/td><td class=\"cookielawinfo-column-4\">Tento soubor cookie je nastaven pluginem GDPR Cookie Consent. Cookie se pou\u017e\u00edv\u00e1 k ulo\u017een\u00ed souhlasu u\u017eivatele s cookies v kategorii \u201eJin\u00e9.\r\n<\/td><\/tr><tr class=\"cookielawinfo-row\"><td class=\"cookielawinfo-column-1\">cookielawinfo-checkbox-performance<\/td><td class=\"cookielawinfo-column-4\">Tento soubor cookie je nastaven pluginem GDPR Cookie Consent. Cookie se pou\u017e\u00edv\u00e1 k ulo\u017een\u00ed souhlasu u\u017eivatele s cookies v kategorii \u201eV\u00fdkon\u201c.<\/td><\/tr><tr class=\"cookielawinfo-row\"><td class=\"cookielawinfo-column-1\">viewed_cookie_policy<\/td><td class=\"cookielawinfo-column-4\">Soubor cookie je nastaven pluginem GDPR Cookie Consent a pou\u017e\u00edv\u00e1 se k ulo\u017een\u00ed, zda u\u017eivatel souhlasil nebo nesouhlasil s pou\u017e\u00edv\u00e1n\u00edm soubor\u016f cookie. Neukl\u00e1d\u00e1 \u017e\u00e1dn\u00e9 osobn\u00ed \u00fadaje.<\/td><\/tr><\/tbody><\/table><\/div>\n<h3>Jak mohu ovl\u00e1dat p\u0159edvolby soubor\u016f cookie?<\/h3>\n<div>Pokud se pozd\u011bji rozhodnete zm\u011bnit sv\u00e9 preference b\u011bhem relace prohl\u00ed\u017een\u00ed, m\u016f\u017eete na sv\u00e9 obrazovce kliknout na z\u00e1lo\u017eku \u201eZ\u00e1sady ochrany osobn\u00edch \u00fadaj\u016f a soubor\u016f cookie\u201c. T\u00edm se znovu zobraz\u00ed ozn\u00e1men\u00ed o souhlasu, kter\u00e9 v\u00e1m umo\u017en\u00ed zm\u011bnit va\u0161e preference nebo zcela odvolat sv\u016fj souhlas. Krom\u011b toho r\u016fzn\u00e9 prohl\u00ed\u017ee\u010de poskytuj\u00ed r\u016fzn\u00e9 zp\u016fsoby blokov\u00e1n\u00ed a maz\u00e1n\u00ed soubor\u016f cookie pou\u017e\u00edvan\u00fdch webov\u00fdmi str\u00e1nkami. M\u016f\u017eete zm\u011bnit nastaven\u00ed sv\u00e9ho prohl\u00ed\u017ee\u010de tak, aby blokoval\/smazal soubory cookie. Chcete-li se dozv\u011bd\u011bt v\u00edce o tom, jak spravovat a odstra\u0148ovat soubory cookie, nav\u0161tivte wikipedia.org, www.allaboutcookies.org.<\/div>\n<\/div>","protected":false},"excerpt":{"rendered":"<p>O t\u011bchto z\u00e1sad\u00e1ch pou\u017e\u00edv\u00e1n\u00ed soubor\u016f cookie Tyto z\u00e1sady pou\u017e\u00edv\u00e1n\u00ed soubor\u016f cookie vysv\u011btluj\u00ed, co jsou soubory cookie a jak je pou\u017e\u00edv\u00e1me, typy soubor\u016f cookie, kter\u00e9 pou\u017e\u00edv\u00e1me, tj. informace, kter\u00e9 shroma\u017e\u010fujeme pomoc\u00ed soubor\u016f cookie a jak jsou tyto informace pou\u017e\u00edv\u00e1ny, a jak ovl\u00e1dat preference soubor\u016f cookie. Dal\u0161\u00ed informace o tom, jak pou\u017e\u00edv\u00e1me, uchov\u00e1v\u00e1me a udr\u017eujeme va\u0161e osobn\u00ed&hellip;&nbsp;<\/p>","protected":false},"author":1,"featured_media":0,"parent":0,"menu_order":0,"comment_status":"closed","ping_status":"closed","template":"","meta":{"om_disable_all_campaigns":false,"_monsterinsights_skip_tracking":false,"_monsterinsights_sitenote_active":false,"_monsterinsights_sitenote_note":"","_monsterinsights_sitenote_category":0,"neve_meta_sidebar":"","neve_meta_container":"","neve_meta_enable_content_width":"","neve_meta_content_width":0,"neve_meta_title_alignment":"","neve_meta_author_avatar":"","neve_post_elements_order":"","neve_meta_disable_header":"","neve_meta_disable_footer":"","neve_meta_disable_title":"","footnotes":""},"class_list":["post-1472","page","type-page","status-publish","hentry"],"aioseo_notices":[],"_links":{"self":[{"href":"https:\/\/sapro.cz\/2022\/sk\/wp-json\/wp\/v2\/pages\/1472","targetHints":{"allow":["GET"]}}],"collection":[{"href":"https:\/\/sapro.cz\/2022\/sk\/wp-json\/wp\/v2\/pages"}],"about":[{"href":"https:\/\/sapro.cz\/2022\/sk\/wp-json\/wp\/v2\/types\/page"}],"author":[{"embeddable":true,"href":"https:\/\/sapro.cz\/2022\/sk\/wp-json\/wp\/v2\/users\/1"}],"replies":[{"embeddable":true,"href":"https:\/\/sapro.cz\/2022\/sk\/wp-json\/wp\/v2\/comments?post=1472"}],"version-history":[{"count":6,"href":"https:\/\/sapro.cz\/2022\/sk\/wp-json\/wp\/v2\/pages\/1472\/revisions"}],"predecessor-version":[{"id":1525,"href":"https:\/\/sapro.cz\/2022\/sk\/wp-json\/wp\/v2\/pages\/1472\/revisions\/1525"}],"wp:attachment":[{"href":"https:\/\/sapro.cz\/2022\/sk\/wp-json\/wp\/v2\/media?parent=1472"}],"curies":[{"name":"wp","href":"https:\/\/api.w.org\/{rel}","templated":true}]}}