{"id":176,"date":"2022-04-28T21:23:41","date_gmt":"2022-04-28T21:23:41","guid":{"rendered":"https:\/\/sapro.cz\/2022\/?page_id=176"},"modified":"2022-11-23T22:14:53","modified_gmt":"2022-11-23T22:14:53","slug":"o-nas","status":"publish","type":"page","link":"https:\/\/sapro.cz\/2022\/sk\/o-nas\/","title":{"rendered":"O n\u00e1s"},"content":{"rendered":"<div data-elementor-type=\"wp-page\" data-elementor-id=\"176\" class=\"elementor elementor-176\">\n\t\t\t\t\t\t<section class=\"elementor-section elementor-top-section elementor-element elementor-element-07c4c4d elementor-section-boxed elementor-section-height-default elementor-section-height-default\" data-id=\"07c4c4d\" data-element_type=\"section\" data-e-type=\"section\">\n\t\t\t\t\t\t<div class=\"elementor-container elementor-column-gap-default\">\n\t\t\t\t\t<div class=\"elementor-column elementor-col-100 elementor-top-column elementor-element elementor-element-c5978c3\" data-id=\"c5978c3\" data-element_type=\"column\" data-e-type=\"column\">\n\t\t\t<div class=\"elementor-widget-wrap elementor-element-populated\">\n\t\t\t\t\t\t<div class=\"elementor-element elementor-element-ae41977 elementor-widget elementor-widget-text-editor\" data-id=\"ae41977\" data-element_type=\"widget\" data-e-type=\"widget\" data-widget_type=\"text-editor.default\">\n\t\t\t\t<div class=\"elementor-widget-container\">\n\t\t\t\t\t\t\t\t\t<a style=\"color: black;\" href=\"https:\/\/sapro.cz\/2022\/sk\/o-nas\/\">\ud83c\udde8\ud83c\uddff \u010ce\u0161tina<\/a>\n\n<a style=\"color: black;\" href=\"https:\/\/sapro.cz\/2022\/sk\/o-nas-sk\/\">\ud83c\uddf8\ud83c\uddf0 Sloven\u010dina<\/a>\n\n<a style=\"color: black;\" href=\"https:\/\/sapro.cz\/2022\/sk\/about-us\/\">\ud83c\uddec\ud83c\udde7 English<\/a>\n\n<a style=\"color: black;\" href=\"https:\/\/sapro.cz\/2022\/sk\/o-nas-pl\/\">\ud83c\uddf5\ud83c\uddf1 Polska<\/a>\n\n<a style=\"color: black;\" href=\"https:\/\/sapro.cz\/2022\/sk\/uber-uns\/\">\ud83c\udde9\ud83c\uddea Deutsch<\/a>\n\n<a style=\"color: black;\" href=\"https:\/\/sapro.cz\/2022\/sk\/o-nama\/\">\ud83c\udded\ud83c\uddf7 Hrvatski<\/a>\t\t\t\t\t\t\t\t<\/div>\n\t\t\t\t<\/div>\n\t\t\t\t\t<\/div>\n\t\t<\/div>\n\t\t\t\t\t<\/div>\n\t\t<\/section>\n\t\t\t\t<section class=\"elementor-section elementor-top-section elementor-element elementor-element-4495c77c elementor-section-content-middle elementor-section-boxed elementor-section-height-default elementor-section-height-default\" data-id=\"4495c77c\" data-element_type=\"section\" data-e-type=\"section\">\n\t\t\t\t\t\t<div class=\"elementor-container elementor-column-gap-no\">\n\t\t\t\t\t<div class=\"elementor-column elementor-col-50 elementor-top-column elementor-element elementor-element-3dca234d\" data-id=\"3dca234d\" data-element_type=\"column\" data-e-type=\"column\">\n\t\t\t<div class=\"elementor-widget-wrap elementor-element-populated\">\n\t\t\t\t\t\t<div class=\"elementor-element elementor-element-3cc07e44 elementor-widget elementor-widget-image\" data-id=\"3cc07e44\" data-element_type=\"widget\" data-e-type=\"widget\" data-widget_type=\"image.default\">\n\t\t\t\t<div class=\"elementor-widget-container\">\n\t\t\t\t\t\t\t\t\t\t\t\t\t\t\t<img fetchpriority=\"high\" decoding=\"async\" width=\"680\" height=\"306\" src=\"https:\/\/sapro.cz\/2022\/wp-content\/uploads\/2022\/11\/1631609571233.jpg\" class=\"attachment-full size-full wp-image-1867\" alt=\"\" srcset=\"https:\/\/sapro.cz\/2022\/wp-content\/uploads\/2022\/11\/1631609571233.jpg 680w, https:\/\/sapro.cz\/2022\/wp-content\/uploads\/2022\/11\/1631609571233-300x135.jpg 300w, https:\/\/sapro.cz\/2022\/wp-content\/uploads\/2022\/11\/1631609571233-18x8.jpg 18w\" sizes=\"(max-width: 680px) 100vw, 680px\" \/>\t\t\t\t\t\t\t\t\t\t\t\t\t\t\t<\/div>\n\t\t\t\t<\/div>\n\t\t\t\t\t<\/div>\n\t\t<\/div>\n\t\t\t\t<div class=\"elementor-column elementor-col-50 elementor-top-column elementor-element elementor-element-1fbf4b73\" data-id=\"1fbf4b73\" data-element_type=\"column\" data-e-type=\"column\">\n\t\t\t<div class=\"elementor-widget-wrap elementor-element-populated\">\n\t\t\t\t\t\t<div class=\"elementor-element elementor-element-7b393239 elementor-widget elementor-widget-heading\" data-id=\"7b393239\" data-element_type=\"widget\" data-e-type=\"widget\" data-widget_type=\"heading.default\">\n\t\t\t\t<div class=\"elementor-widget-container\">\n\t\t\t\t\t<h4 class=\"elementor-heading-title elementor-size-default\">O firm\u011b Sapro s.r.o.<\/h4>\t\t\t\t<\/div>\n\t\t\t\t<\/div>\n\t\t\t\t<div class=\"elementor-element elementor-element-6250406 elementor-widget-divider--separator-type-pattern elementor-widget-divider--view-line elementor-widget elementor-widget-divider\" data-id=\"6250406\" data-element_type=\"widget\" data-e-type=\"widget\" data-widget_type=\"divider.default\">\n\t\t\t\t<div class=\"elementor-widget-container\">\n\t\t\t\t\t\t\t<div class=\"elementor-divider\" style=\"--divider-pattern-url: url(&quot;data:image\/svg+xml,%3Csvg xmlns=&#039;http:\/\/www.w3.org\/2000\/svg&#039; preserveAspectRatio=&#039;none&#039; overflow=&#039;visible&#039; height=&#039;100%&#039; viewBox=&#039;0 0 20 16&#039; fill=&#039;none&#039; stroke=&#039;black&#039; stroke-width=&#039;1.2&#039; stroke-linecap=&#039;square&#039; stroke-miterlimit=&#039;10&#039;%3E%3Cg transform=&#039;translate(-12.000000, 0)&#039;%3E%3Cpath d=&#039;M28,0L10,18&#039;\/%3E%3Cpath d=&#039;M18,0L0,18&#039;\/%3E%3Cpath d=&#039;M48,0L30,18&#039;\/%3E%3Cpath d=&#039;M38,0L20,18&#039;\/%3E%3C\/g%3E%3C\/svg%3E&quot;);\">\n\t\t\t<span class=\"elementor-divider-separator\">\n\t\t\t\t\t\t<\/span>\n\t\t<\/div>\n\t\t\t\t\t\t<\/div>\n\t\t\t\t<\/div>\n\t\t\t\t\t<\/div>\n\t\t<\/div>\n\t\t\t\t\t<\/div>\n\t\t<\/section>\n\t\t\t\t<section class=\"elementor-section elementor-top-section elementor-element elementor-element-c17926e elementor-section-boxed elementor-section-height-default elementor-section-height-default\" data-id=\"c17926e\" data-element_type=\"section\" data-e-type=\"section\">\n\t\t\t\t\t\t<div class=\"elementor-container elementor-column-gap-default\">\n\t\t\t\t\t<div class=\"elementor-column elementor-col-100 elementor-top-column elementor-element elementor-element-65253fa\" data-id=\"65253fa\" data-element_type=\"column\" data-e-type=\"column\">\n\t\t\t<div class=\"elementor-widget-wrap elementor-element-populated\">\n\t\t\t\t\t\t<div class=\"elementor-element elementor-element-b9b36c2 elementor-widget elementor-widget-text-editor\" data-id=\"b9b36c2\" data-element_type=\"widget\" data-e-type=\"widget\" data-widget_type=\"text-editor.default\">\n\t\t\t\t<div class=\"elementor-widget-container\">\n\t\t\t\t\t\t\t\t\t<h3>Hlavn\u00e1 \u010dinnos\u0165 spolo\u010dnosti\u00a0<strong>Sapro s.r.o. od roku 1993<\/strong>\u00a0je v\u00fdroba, dovoz-v\u00fdvoz, ve\u013ekoobchod a distrib\u00facia v oblasti satelitnej a pozemnej anal\u00f3govej a digit\u00e1lnej prij\u00edmacej techniky.<\/h3><p>Ant\u00e9ny, osvet\u013eovacia elektronika, automobilov\u00e1 elektronika a ve\u013ekoobchodn\u00e1 elektronika CCTV, DVR NVR, IP HD kamery, LED osvetlenie , telekomunika\u010dn\u00e9 zariadenia smerova\u010de , prep\u00edna\u010de.<\/p><p>Spolo\u010dnos\u0165\u00a0<strong>Sapro s.r.o.<\/strong>\u00a0je jedn\u00fdm z popredn\u00fdch distrib\u00fatorov a dovozcov satelitnej a ant\u00e9nnej techniky v \u010ceskej a Slovenskej republike.<\/p><p>Sme v\u00fdrobcom, dovozcom, distrib\u00fatorom alebo vlastn\u00edkom mnoh\u00fdch zn\u00e1mych zna\u010diek elektroniky, ako s\u00fa:<\/p><p>Showbox, DREAMSKY, SatElita, HD-BOX,\u00a0<a title=\"DI-WAY, DI-BOX\" href=\"https:\/\/di-way.cz\/\" target=\"_blank\" rel=\"noopener noreferrer\">DI-WAY, DI-BOX<\/a>, Ferguson, AZBOX,\u00a0<a title=\"openbox\" href=\"http:\/\/supersat.sk\/www\/OPENBOX\/Openbox%20SAPRO%20SUPERSAT.html\" target=\"_blank\" rel=\"noopener noreferrer\">OpenBox<\/a>, Opticum, Famaval, Inverto , Dreambox<\/p><p>Octagon, Formuler, Fortis,\u00a0 Deviser, Tecatel, Blow, Megasat, Thomson , Strong SAT, Zgemma , Apebox, Qviart\u00a0 a dal\u0161\u00ed.<\/p><ul><li>Poskytujeme <a title=\"http:\/\/sapro.cz\/web\/cctv_kamerove_systemy\/SAPRO-CCTV.html\" href=\"http:\/\/sapro.cz\/2022\/sk\/web\/FVE_fotovoltaika\/SAPRO%20-%20FVE%20_%20Fotovoltaika%20_%20Solar.html\/\" target=\"_blank\" rel=\"noopener noreferrer\"><strong>dod\u00e1vku kamerov\u00fdch syst\u00e9mov<\/strong><\/a>\u00a0, mont\u00e1\u017e Afidus, Dauhua, DI-WAY, Hikvision, NVR DVR, pr\u00edslu\u0161enstvo, technick\u00e1 podpora, pr\u00edprava cenov\u00fdch pon\u00fak. AHD, HDCVI, IP<\/li><li>In\u0161tal\u00e1cia bezpe\u010dnostn\u00fdch a kamerov\u00fdch syst\u00e9mov, videovr\u00e1tnikov, elektroin\u0161tal\u00e1cie, sie\u0165ov\u00fdch internetov\u00fdch rozvodov, roz\u0161\u00edrenie pokrytia WIFI, GSM<\/li><li>Kamerov\u00e9 syst\u00e9my pre bytov\u00e9 dru\u017estv\u00e1, spolo\u010denstv\u00e1 vlastn\u00edkov, firmy, kancel\u00e1rie, \u010dak\u00e1rne, rodinn\u00e9 domy, s mobiln\u00fdm pr\u00edstupom, nahr\u00e1van\u00edm.<\/li><li><a title=\"http:\/\/sapro.cz\/web\/FVE_fotovoltaika\/SAPRO-FVE_Fotovoltaika_Solar.html\" href=\"http:\/\/sapro.cz\/2022\/sk\/web\/FVE_fotovoltaika\/SAPRO%20-%20FVE%20_%20Fotovoltaika%20_%20Solar.html\/\" target=\"_blank\" rel=\"noopener noreferrer\"><strong>Sol\u00e1rne fotovoltaick\u00e9 syst\u00e9my<\/strong><\/a>\u00a0, poskytujeme poradenstvo, pom\u00e1hame poradi\u0165 vr\u00e1tane vybavenia v\u0161etk\u00fdch formal\u00edt s\u00favisiacich s realiz\u00e1ciou a vybavujeme dot\u00e1cie s NHA, skladov\u00e9 panely, pr\u00edslu\u0161enstvo, strieda\u010de.<ul><li>Prodej za velkoobchodn\u00ed a dealersk\u00e9 ceny , mno\u017estevn\u00ed slevy p\u0159i odb\u011bru v\u00edce kus\u016f panel\u016f apod.<\/li><li><span style=\"letter-spacing: -0.2px;\">Mnohalet\u00e9 zku\u0161enosti v oboru ( od roku 1993 )<\/span><i aria-hidden=\"true\"><\/i><\/li><li><i aria-hidden=\"true\"><\/i>M\u00e1me vlastn\u00ed servisn\u00ed st\u0159edisko vybaven\u00e9 modern\u00ed technikou &#8211; rychl\u00e9 \u0159e\u0161en\u00ed reklamac\u00ed<\/li><li><i aria-hidden=\"true\"><\/i>Mo\u017enost n\u00e1kupu na fakturu se 14ti denn\u00ed splatnost\u00ed<\/li><li><i aria-hidden=\"true\"><\/i>Kompletn\u00ed sortiment trvale skladem , Solar Sofar , Amerisolar ,Astro energy , Jinko , Tecatel<\/li><li><i aria-hidden=\"true\"><\/i>Zbo\u017e\u00ed &#8222;skladem&#8220; objednan\u00e9 do 12:00 odes\u00edl\u00e1me tent\u00fd\u017e den<\/li><li><i aria-hidden=\"true\"><\/i>Na Slovensko expedujeme ka\u017ed\u00fd den p\u0159epravn\u00ed spole\u010dnost\u00ed Geis za ceny m\u00edstn\u00edho SK tarifu<\/li><li><i aria-hidden=\"true\"><\/i>Doprava zdarma p\u0159i objedn\u00e1vce nad 5000 &#8211; 8000 K\u010d plat\u00ed pro \u010cR i SK z\u00e1kazn\u00edky ( z\u00e1vis\u00ed na p\u0159i\u0159azen\u00e9 cenov\u00e9 kategorii)<\/li><li><i aria-hidden=\"true\"><\/i>Objedn\u00e1vky p\u0159ij\u00edm\u00e1me : e-mailem \/ telefonicky \/ skypem \/ p\u0159es e-shop<\/li><li><i aria-hidden=\"true\"><\/i>Mo\u017enost osobn\u00edho odb\u011bru<\/li><\/ul><\/li><li>Satelitn\u00e1, DVB-T2 , IPTV technol\u00f3gia, zabezpe\u010dujeme mont\u00e1\u017e telev\u00edznych ant\u00e9n, satelitn\u00fd pr\u00edjem v\u0161etk\u00fdch dostupn\u00fdch telev\u00edznych a rozhlasov\u00fdch programov, DVB-C a IPTV\u00a0<\/li><li>Prij\u00edma\u010de a pr\u00edslu\u0161enstvo pre Skylink , UPC Freesat , DIGITV Telly , Orange T-mobil , Pantelio ,(Magnet TV , Fotelka ) Antik TV , po\u013e\u0161tina , nem\u010dina , ru\u0161tina , vietnam\u010dina , arab\u010dina , 18+ erotika , \u0161port<\/li><li>Aktiv\u00e1cia Skylink , servisn\u00fd poplatok at\u010f. Set top boxy pre IPTV: Skylink , Watch TV , 4net, Better TV \u00a0 \u00a0<\/li><li><a title=\"http:\/\/sapro.cz\/web\/Nhradndlkovovladae\/Programovatelnovladae.html\" href=\"http:\/\/sapro.cz\/2022\/sk\/web\/N%C3%A1hradn%C3%AD%20d%C3%A1lkov%C3%A9%20ovlada%C4%8De\/Programovateln%C3%A9%20ovlada%C4%8De.html\/\">Univerz\u00e1lne a n\u00e1hradn\u00e9 dia\u013ekov\u00e9 ovl\u00e1da\u010de DI-WAY Hotel , Senior<\/a>\u00a0<\/li><li>Elektroin\u0161tala\u010dn\u00fd materi\u00e1l ,<a title=\"sapro.cz\/web\/luxusni_kovove_vypinace\/rozcestnik.html\" href=\"https:\/\/www.eshop.sapro.cz\/default.asp?cls=stoitems&amp;stifulltext_search=and&amp;fulltext=orno\" target=\"_blank\" rel=\"noopener noreferrer\">\u00a0Luxusn\u00e9 z\u00e1suvky EMC Govena Metal line, VO ELEKTRO Ve\u013ekoobchod T\u0159inec ,\u00a0<\/a>\u00a0<a title=\"VO ELEKTRO T\u0159inec\" href=\"https:\/\/eshop.sapro.cz\/elektroinstalace-sklad_c4895.html\">kompletn\u00fd sortiment na sklade alebo na objedn\u00e1vku do druh\u00e9ho d\u0148a.<\/a><\/li><li><a title=\"VO ELEKTRO T\u0159inec\" href=\"https:\/\/eshop.sapro.cz\/elektroinstalace-sklad_c4895.html\">\u00a0Ve\u013ekoobchodn\u00fd a <\/a><a title=\"VO predaj ve\u013ekoobchodn\u00fd eshop\" href=\"https:\/\/eshop.sapro.cz\/elektroinstalace-a-osvetleni_c213.html\" target=\"_blank\" rel=\"noopener noreferrer\">maloobchodn\u00fd predaj pre elektroin\u0161tala\u010dn\u00e9 firmy stavebn\u00e9 firmy , predaj cez Eshop\u00a0\u00a0<\/a><a title=\"sapro.cz\/web\/luxusni_kovove_vypinace\/rozcestnik.html\" href=\"https:\/\/www.eshop.sapro.cz\/default.asp?cls=stoitems&amp;stifulltext_search=and&amp;fulltext=orno\" target=\"_blank\" rel=\"noopener noreferrer\">, k\u00e1ble Solarix , It componenty Strong , Netis, TP-Link, skrinky, rozv\u00e1dza\u010de<\/a><\/li><li><a title=\"covid\" href=\"https:\/\/www.eshop.sapro.cz\/ochranne-pomucky-covid-19_c7049.html\" target=\"_blank\" rel=\"noopener noreferrer\">Ochrann\u00e9 prostriedky proti COVID-19, ako s\u00fa respir\u00e1tory , respir\u00e1tory FFP2 KN95 , teplomery , gumov\u00e9 rukavice, dezinfek\u010dn\u00e9 prostriedky, dezinfekcia priestorov oz\u00f3nom O3<\/a><\/li><li>Pom\u00f4\u017eeme v\u00e1m s prechodom na DVB-T2 , slu\u017ebami merania sign\u00e1lu, v\u00fdmenou ant\u00e9n, zosil\u0148ova\u010dov, v\u00fdmenou set top boxov, pr\u00edpravou na LTE, 5G<\/li><li>Zv\u00e1ranie optick\u00fdch vl\u00e1kien prenosnou zv\u00e1ra\u010dkou, pren\u00e1jom zv\u00e1ra\u010dky.<\/li><li>\u00a0Oprava dob\u00edjac\u00edch bat\u00e9ri\u00ed , bat\u00e9riov\u00fdch s\u00faprav pre meracie pr\u00edstroje, n\u00e1radie at\u010f. info na <a href=\"mailto:servis@sapro.cz\">servis@sapro.cz<\/a><\/li><\/ul><h3>\u00a0<\/h3><h3>Na Slovensku p\u016fsob\u00edme p\u0159\u00edmo p\u0159es Sapro s.r.o.<strong><br \/><\/strong><\/h3><p><span style=\"letter-spacing: -0.2px; background-color: var(--nv-site-bg); font-size: var(--bodyfontsize); text-transform: var(--bodytexttransform);\">Pre maloobchodn\u00fd n\u00e1kup odpor\u00fa\u010dame napr\u00edklad ELKA \u010cadca\u00a0<\/span><a style=\"letter-spacing: -0.2px; background-color: var(--nv-site-bg); font-size: var(--bodyfontsize); text-transform: var(--bodytexttransform);\" href=\"http:\/\/www.elkahifi.sk\/\">www.elkahifi.sk<\/a><\/p><p><strong>Z\u00e1kladn\u00fd sortiment:<\/strong><\/p><p>Pozemn\u00e9 digit\u00e1lne prij\u00edma\u010de DVB-T, ant\u00e9ny DVB-T, izbov\u00e9 ant\u00e9ny, \u0161irokop\u00e1smov\u00e9 ant\u00e9ny, smerov\u00e9 ant\u00e9ny, logaritmick\u00e9 ant\u00e9ny, ant\u00e9ny GSM, ant\u00e9nne zosil\u0148ova\u010de a pr\u00edslu\u0161enstvo - rozbo\u010dova\u010de, kombin\u00e1tory, z\u00e1suvky TV SAT FM.<\/p><p><strong>Nap\u00e1jacie zdroje:<\/strong><br \/>Nap\u00e1jacie zdroje ant\u00e9n 12 V\/100 mA, sp\u00ednan\u00e9 nap\u00e1jacie zdroje 5 V a\u017e 24 V \/ 10 W a\u017e 30 W, r\u00fdchle nab\u00edja\u010dky NiMh, NiCd,<br \/>Z\u00e1lo\u017en\u00e9 zdroje UPS - LESTAR.<\/p><p><strong>Elektroinstalacie:<\/strong><br \/>Prep\u00e4\u0165ov\u00e9 ochrany LESTAR, halog\u00e9nov\u00e9 \u017eiarovky, svietidl\u00e1 pre halog\u00e9nov\u00e9 \u017eiarovky, elektronick\u00e9 transform\u00e1tory pre halog\u00e9nov\u00e9 \u017eiarovky, predl\u017eovacie k\u00e1ble, kovov\u00e9 EMC - sp\u00edna\u010de, z\u00e1suvky v luxusnom celokovovom preveden\u00ed chr\u00f3m, tit\u00e1n, mosadz.<\/p><p><strong>AV pr\u00edslu\u0161enstvo:<\/strong><br \/>Prepojovacie audio video k\u00e1ble, konektory, AV Gold High Grade - pozl\u00e1ten\u00e9 High End pr\u00edslu\u0161enstvo.<\/p><p><strong>N\u00e1hradn\u00e9 diely AUDIO, TV, SAT:<\/strong><br \/>Univerz\u00e1lne dia\u013ekov\u00e9 ovl\u00e1da\u010de, n\u00e1hradn\u00e9 D.O., n\u00e1hrady za origin\u00e1lne D.O., audio moduly pre konverziu BG\/DK, vysiela\u010de AUDIO-VIDEO sign\u00e1lu.<\/p><p><strong>Mal\u00e1 dom\u00e1ca elektronika:<\/strong><br \/>Infra\u010derven\u00e9 sp\u00edna\u010de, senzory, alarmy, teplomery, vlhkomery, stmieva\u010de, zvon\u010deky, LCD hodiny, meteostanice.<\/p><p><strong>Auto-moto elektro:<\/strong><br \/>Nab\u00edja\u010dky autobat\u00e9ri\u00ed - bat\u00e9rie 6\/12 V, studen\u00e9 \u0161tart\u00e9ry - BOOSTER 120A, nab\u00edja\u010dky autobat\u00e9ri\u00ed, testery, multimetre, prenosn\u00e9 dielensk\u00e9 svietidl\u00e1 12 V\/230 V, teplomery do auta, zdroje pre autochladni\u010dky 230 V\/12 V 6 A.<\/p>\t\t\t\t\t\t\t\t<\/div>\n\t\t\t\t<\/div>\n\t\t\t\t\t<\/div>\n\t\t<\/div>\n\t\t\t\t\t<\/div>\n\t\t<\/section>\n\t\t\t\t<\/div>","protected":false},"excerpt":{"rendered":"<p>&#x1f1e8;&#x1f1ff; \u010ce\u0161tina &#x1f1f8;&#x1f1f0; Sloven\u010dina &#x1f1ec;&#x1f1e7; English &#x1f1f5;&#x1f1f1; Polska &#x1f1e9;&#x1f1ea; Deutsch &#x1f1ed;&#x1f1f7; Hrvatski O firm\u011b Sapro s.r.o. Hlavn\u00ed \u010dinnost\u00ed firmy\u00a0Sapro s.r.o. od roku 1993\u00a0je v\u00fdroba, import-export, velkoobchodn\u00ed \u010dinnost a distribuce v\u00a0oblastech satelitn\u00ed a pozemn\u00ed analogov\u00e9 a digit\u00e1ln\u00ed p\u0159ij\u00edmac\u00ed techniky. Ant\u00e9nn\u00ed, osv\u011btlovac\u00ed elektro, automobiln\u00ed elektronika a velkoobchod elektroniky\u00a0 CCTV, DVR NVR, IP HD Kamery, LED osv\u011btlen\u00ed ,&hellip;&nbsp;<\/p>","protected":false},"author":1,"featured_media":0,"parent":0,"menu_order":0,"comment_status":"closed","ping_status":"closed","template":"page-templates\/template-pagebuilder-full-width.php","meta":{"om_disable_all_campaigns":false,"_monsterinsights_skip_tracking":false,"_monsterinsights_sitenote_active":false,"_monsterinsights_sitenote_note":"","_monsterinsights_sitenote_category":0,"neve_meta_sidebar":"","neve_meta_container":"","neve_meta_enable_content_width":"","neve_meta_content_width":0,"neve_meta_title_alignment":"","neve_meta_author_avatar":"","neve_post_elements_order":"","neve_meta_disable_header":"","neve_meta_disable_footer":"","neve_meta_disable_title":"","footnotes":""},"class_list":["post-176","page","type-page","status-publish","hentry"],"aioseo_notices":[],"_links":{"self":[{"href":"https:\/\/sapro.cz\/2022\/sk\/wp-json\/wp\/v2\/pages\/176","targetHints":{"allow":["GET"]}}],"collection":[{"href":"https:\/\/sapro.cz\/2022\/sk\/wp-json\/wp\/v2\/pages"}],"about":[{"href":"https:\/\/sapro.cz\/2022\/sk\/wp-json\/wp\/v2\/types\/page"}],"author":[{"embeddable":true,"href":"https:\/\/sapro.cz\/2022\/sk\/wp-json\/wp\/v2\/users\/1"}],"replies":[{"embeddable":true,"href":"https:\/\/sapro.cz\/2022\/sk\/wp-json\/wp\/v2\/comments?post=176"}],"version-history":[{"count":74,"href":"https:\/\/sapro.cz\/2022\/sk\/wp-json\/wp\/v2\/pages\/176\/revisions"}],"predecessor-version":[{"id":1877,"href":"https:\/\/sapro.cz\/2022\/sk\/wp-json\/wp\/v2\/pages\/176\/revisions\/1877"}],"wp:attachment":[{"href":"https:\/\/sapro.cz\/2022\/sk\/wp-json\/wp\/v2\/media?parent=176"}],"curies":[{"name":"wp","href":"https:\/\/api.w.org\/{rel}","templated":true}]}}