{"id":2143,"date":"2023-02-08T22:39:44","date_gmt":"2023-02-08T22:39:44","guid":{"rendered":"https:\/\/sapro.cz\/2022\/?page_id=2143"},"modified":"2023-02-09T21:28:13","modified_gmt":"2023-02-09T21:28:13","slug":"fotovolaticky-ohrev-vody","status":"publish","type":"page","link":"https:\/\/sapro.cz\/2022\/sk\/fotovolaticky-ohrev-vody\/","title":{"rendered":"Fotovolatick\u00fd oh\u0159ev vody"},"content":{"rendered":"<div data-elementor-type=\"wp-page\" data-elementor-id=\"2143\" class=\"elementor elementor-2143\">\n\t\t\t\t\t\t<section class=\"elementor-section elementor-top-section elementor-element elementor-element-eed8905 elementor-section-full_width elementor-section-height-default elementor-section-height-default\" data-id=\"eed8905\" data-element_type=\"section\" data-e-type=\"section\">\n\t\t\t\t\t\t<div class=\"elementor-container elementor-column-gap-default\">\n\t\t\t\t\t<div class=\"elementor-column elementor-col-100 elementor-top-column elementor-element elementor-element-7519a21\" data-id=\"7519a21\" data-element_type=\"column\" data-e-type=\"column\" data-settings=\"{&quot;background_background&quot;:&quot;classic&quot;}\">\n\t\t\t<div class=\"elementor-widget-wrap elementor-element-populated\">\n\t\t\t\t\t\t<div class=\"elementor-element elementor-element-7fd25dc elementor-widget elementor-widget-heading\" data-id=\"7fd25dc\" data-element_type=\"widget\" data-e-type=\"widget\" data-widget_type=\"heading.default\">\n\t\t\t\t<div class=\"elementor-widget-container\">\n\t\t\t\t\t<h1 class=\"elementor-heading-title elementor-size-default\">Fotovoltaick\u00fd oh\u0159ev vody<\/h1>\t\t\t\t<\/div>\n\t\t\t\t<\/div>\n\t\t\t\t<div class=\"elementor-element elementor-element-c1ef6b9 elementor-widget-divider--separator-type-pattern elementor-widget-divider--view-line elementor-widget elementor-widget-divider\" data-id=\"c1ef6b9\" data-element_type=\"widget\" data-e-type=\"widget\" data-widget_type=\"divider.default\">\n\t\t\t\t<div class=\"elementor-widget-container\">\n\t\t\t\t\t\t\t<div class=\"elementor-divider\" style=\"--divider-pattern-url: url(&quot;data:image\/svg+xml,%3Csvg xmlns=&#039;http:\/\/www.w3.org\/2000\/svg&#039; preserveAspectRatio=&#039;none&#039; overflow=&#039;visible&#039; height=&#039;100%&#039; viewBox=&#039;0 0 20 16&#039; fill=&#039;none&#039; stroke=&#039;black&#039; stroke-width=&#039;1.2&#039; stroke-linecap=&#039;square&#039; stroke-miterlimit=&#039;10&#039;%3E%3Cg transform=&#039;translate(-12.000000, 0)&#039;%3E%3Cpath d=&#039;M28,0L10,18&#039;\/%3E%3Cpath d=&#039;M18,0L0,18&#039;\/%3E%3Cpath d=&#039;M48,0L30,18&#039;\/%3E%3Cpath d=&#039;M38,0L20,18&#039;\/%3E%3C\/g%3E%3C\/svg%3E&quot;);\">\n\t\t\t<span class=\"elementor-divider-separator\">\n\t\t\t\t\t\t<\/span>\n\t\t<\/div>\n\t\t\t\t\t\t<\/div>\n\t\t\t\t<\/div>\n\t\t\t\t<div class=\"elementor-element elementor-element-d0bd965 elementor-widget elementor-widget-text-editor\" data-id=\"d0bd965\" data-element_type=\"widget\" data-e-type=\"widget\" data-widget_type=\"text-editor.default\">\n\t\t\t\t<div class=\"elementor-widget-container\">\n\t\t\t\t\t\t\t\t\t<p style=\"text-align: center;\">P\u0159em\u00fd\u0161l\u00edte o fotovoltaick\u00e9m oh\u0159evu tepl\u00e9 \u00fa\u017eitkov\u00e9 vody? Jste na spr\u00e1vn\u00e9m m\u00edst\u011b.<\/p>\t\t\t\t\t\t\t\t<\/div>\n\t\t\t\t<\/div>\n\t\t\t\t\t<\/div>\n\t\t<\/div>\n\t\t\t\t\t<\/div>\n\t\t<\/section>\n\t\t\t\t<section class=\"elementor-section elementor-top-section elementor-element elementor-element-37e4ecb1 elementor-section-content-middle elementor-section-boxed elementor-section-height-default elementor-section-height-default\" data-id=\"37e4ecb1\" data-element_type=\"section\" data-e-type=\"section\">\n\t\t\t\t\t\t<div class=\"elementor-container elementor-column-gap-no\">\n\t\t\t\t\t<div class=\"elementor-column elementor-col-50 elementor-top-column elementor-element elementor-element-53c3bb36\" data-id=\"53c3bb36\" data-element_type=\"column\" data-e-type=\"column\">\n\t\t\t<div class=\"elementor-widget-wrap elementor-element-populated\">\n\t\t\t\t\t\t<div class=\"elementor-element elementor-element-997802f elementor-widget elementor-widget-image\" data-id=\"997802f\" data-element_type=\"widget\" data-e-type=\"widget\" data-widget_type=\"image.default\">\n\t\t\t\t<div class=\"elementor-widget-container\">\n\t\t\t\t\t\t\t\t\t\t\t\t\t\t\t<img fetchpriority=\"high\" decoding=\"async\" width=\"2560\" height=\"1706\" src=\"https:\/\/sapro.cz\/2022\/wp-content\/uploads\/2023\/02\/micheile-dot-com-lZ_4nPFKcV8-unsplash-scaled.jpg\" class=\"attachment-full size-full wp-image-2161\" alt=\"\" srcset=\"https:\/\/sapro.cz\/2022\/wp-content\/uploads\/2023\/02\/micheile-dot-com-lZ_4nPFKcV8-unsplash-scaled.jpg 2560w, https:\/\/sapro.cz\/2022\/wp-content\/uploads\/2023\/02\/micheile-dot-com-lZ_4nPFKcV8-unsplash-300x200.jpg 300w, https:\/\/sapro.cz\/2022\/wp-content\/uploads\/2023\/02\/micheile-dot-com-lZ_4nPFKcV8-unsplash-1024x683.jpg 1024w, https:\/\/sapro.cz\/2022\/wp-content\/uploads\/2023\/02\/micheile-dot-com-lZ_4nPFKcV8-unsplash-768x512.jpg 768w, https:\/\/sapro.cz\/2022\/wp-content\/uploads\/2023\/02\/micheile-dot-com-lZ_4nPFKcV8-unsplash-1536x1024.jpg 1536w, https:\/\/sapro.cz\/2022\/wp-content\/uploads\/2023\/02\/micheile-dot-com-lZ_4nPFKcV8-unsplash-2048x1365.jpg 2048w, https:\/\/sapro.cz\/2022\/wp-content\/uploads\/2023\/02\/micheile-dot-com-lZ_4nPFKcV8-unsplash-18x12.jpg 18w, https:\/\/sapro.cz\/2022\/wp-content\/uploads\/2023\/02\/micheile-dot-com-lZ_4nPFKcV8-unsplash-930x620.jpg 930w\" sizes=\"(max-width: 2560px) 100vw, 2560px\" \/>\t\t\t\t\t\t\t\t\t\t\t\t\t\t\t<\/div>\n\t\t\t\t<\/div>\n\t\t\t\t\t<\/div>\n\t\t<\/div>\n\t\t\t\t<div class=\"elementor-column elementor-col-50 elementor-top-column elementor-element elementor-element-60062c8e\" data-id=\"60062c8e\" data-element_type=\"column\" data-e-type=\"column\">\n\t\t\t<div class=\"elementor-widget-wrap elementor-element-populated\">\n\t\t\t\t\t\t<div class=\"elementor-element elementor-element-757ad233 elementor-widget elementor-widget-heading\" data-id=\"757ad233\" data-element_type=\"widget\" data-e-type=\"widget\" data-widget_type=\"heading.default\">\n\t\t\t\t<div class=\"elementor-widget-container\">\n\t\t\t\t\t<h4 class=\"elementor-heading-title elementor-size-default\">Spo\u010d\u00edtejte si dotaci na fotovoltaiku<\/h4>\t\t\t\t<\/div>\n\t\t\t\t<\/div>\n\t\t\t\t<div class=\"elementor-element elementor-element-4815fc0a elementor-widget elementor-widget-text-editor\" data-id=\"4815fc0a\" data-element_type=\"widget\" data-e-type=\"widget\" data-widget_type=\"text-editor.default\">\n\t\t\t\t<div class=\"elementor-widget-container\">\n\t\t\t\t\t\t\t\t\t<p>Spo\u010d\u00edtejte si odhadovanou v\u00fd\u0161i dotace z programu Nov\u00e1 zelen\u00e1 \u00faspor\u00e1m. V\u00fdpo\u010det vych\u00e1z\u00ed z pr\u016fm\u011brn\u00e9 v\u00fd\u0161e finan\u010dn\u00ed podpory ji\u017e podan\u00fdch \u017e\u00e1dost\u00ed. S dotac\u00ed a realizac\u00ed v\u00e1m r\u00e1di pom\u016f\u017eeme a porad\u00edme.<\/p>\t\t\t\t\t\t\t\t<\/div>\n\t\t\t\t<\/div>\n\t\t\t\t<div class=\"elementor-element elementor-element-72a4d15 elementor-align-left elementor-mobile-align-left elementor-widget elementor-widget-button\" data-id=\"72a4d15\" data-element_type=\"widget\" data-e-type=\"widget\" data-widget_type=\"button.default\">\n\t\t\t\t<div class=\"elementor-widget-container\">\n\t\t\t\t\t\t\t\t\t<div class=\"elementor-button-wrapper\">\n\t\t\t\t\t<a class=\"elementor-button elementor-button-link elementor-size-md\" href=\"https:\/\/novazelenausporam.cz\/dotacni-kalkulacka\/\">\n\t\t\t\t\t\t<span class=\"elementor-button-content-wrapper\">\n\t\t\t\t\t\t\t\t\t<span class=\"elementor-button-text\">Spo\u010d\u00edtat<\/span>\n\t\t\t\t\t<\/span>\n\t\t\t\t\t<\/a>\n\t\t\t\t<\/div>\n\t\t\t\t\t\t\t\t<\/div>\n\t\t\t\t<\/div>\n\t\t\t\t\t<\/div>\n\t\t<\/div>\n\t\t\t\t\t<\/div>\n\t\t<\/section>\n\t\t\t\t<section class=\"elementor-section elementor-top-section elementor-element elementor-element-2c13dde elementor-section-boxed elementor-section-height-default elementor-section-height-default\" data-id=\"2c13dde\" data-element_type=\"section\" data-e-type=\"section\">\n\t\t\t\t\t\t<div class=\"elementor-container elementor-column-gap-default\">\n\t\t\t\t\t<div class=\"elementor-column elementor-col-100 elementor-top-column elementor-element elementor-element-84c60e4\" data-id=\"84c60e4\" data-element_type=\"column\" data-e-type=\"column\">\n\t\t\t<div class=\"elementor-widget-wrap elementor-element-populated\">\n\t\t\t\t\t\t<div class=\"elementor-element elementor-element-5e79c72 elementor-view-default elementor-widget elementor-widget-icon\" data-id=\"5e79c72\" data-element_type=\"widget\" data-e-type=\"widget\" data-widget_type=\"icon.default\">\n\t\t\t\t<div class=\"elementor-widget-container\">\n\t\t\t\t\t\t\t<div class=\"elementor-icon-wrapper\">\n\t\t\t<div class=\"elementor-icon\">\n\t\t\t<i aria-hidden=\"true\" class=\"icon icon-down-arrow1\"><\/i>\t\t\t<\/div>\n\t\t<\/div>\n\t\t\t\t\t\t<\/div>\n\t\t\t\t<\/div>\n\t\t\t\t\t<\/div>\n\t\t<\/div>\n\t\t\t\t\t<\/div>\n\t\t<\/section>\n\t\t\t\t<section class=\"elementor-section elementor-top-section elementor-element elementor-element-2a47187 elementor-section-content-middle elementor-section-boxed elementor-section-height-default elementor-section-height-default\" data-id=\"2a47187\" data-element_type=\"section\" data-e-type=\"section\">\n\t\t\t\t\t\t<div class=\"elementor-container elementor-column-gap-no\">\n\t\t\t\t\t<div class=\"elementor-column elementor-col-50 elementor-top-column elementor-element elementor-element-2e13b7c\" data-id=\"2e13b7c\" data-element_type=\"column\" data-e-type=\"column\">\n\t\t\t<div class=\"elementor-widget-wrap elementor-element-populated\">\n\t\t\t\t\t\t<div class=\"elementor-element elementor-element-ba6b7d7 elementor-widget elementor-widget-image\" data-id=\"ba6b7d7\" data-element_type=\"widget\" data-e-type=\"widget\" data-widget_type=\"image.default\">\n\t\t\t\t<div class=\"elementor-widget-container\">\n\t\t\t\t\t\t\t\t\t\t\t\t\t\t\t<img decoding=\"async\" width=\"800\" height=\"600\" src=\"https:\/\/sapro.cz\/2022\/wp-content\/uploads\/2023\/02\/fotovoltaicky-ohrev-vody_ispt9218-2.jpg\" class=\"attachment-full size-full wp-image-2107\" alt=\"\" srcset=\"https:\/\/sapro.cz\/2022\/wp-content\/uploads\/2023\/02\/fotovoltaicky-ohrev-vody_ispt9218-2.jpg 800w, https:\/\/sapro.cz\/2022\/wp-content\/uploads\/2023\/02\/fotovoltaicky-ohrev-vody_ispt9218-2-300x225.jpg 300w, https:\/\/sapro.cz\/2022\/wp-content\/uploads\/2023\/02\/fotovoltaicky-ohrev-vody_ispt9218-2-768x576.jpg 768w, https:\/\/sapro.cz\/2022\/wp-content\/uploads\/2023\/02\/fotovoltaicky-ohrev-vody_ispt9218-2-16x12.jpg 16w\" sizes=\"(max-width: 800px) 100vw, 800px\" \/>\t\t\t\t\t\t\t\t\t\t\t\t\t\t\t<\/div>\n\t\t\t\t<\/div>\n\t\t\t\t\t<\/div>\n\t\t<\/div>\n\t\t\t\t<div class=\"elementor-column elementor-col-50 elementor-top-column elementor-element elementor-element-a41c126\" data-id=\"a41c126\" data-element_type=\"column\" data-e-type=\"column\">\n\t\t\t<div class=\"elementor-widget-wrap elementor-element-populated\">\n\t\t\t\t\t\t<div class=\"elementor-element elementor-element-ef07a3e elementor-widget elementor-widget-heading\" data-id=\"ef07a3e\" data-element_type=\"widget\" data-e-type=\"widget\" data-widget_type=\"heading.default\">\n\t\t\t\t<div class=\"elementor-widget-container\">\n\t\t\t\t\t<h4 class=\"elementor-heading-title elementor-size-default\">Vyberte si z na\u0161\u00ed nab\u00eddky nebo n\u00e1s kontaktujte<\/h4>\t\t\t\t<\/div>\n\t\t\t\t<\/div>\n\t\t\t\t<div class=\"elementor-element elementor-element-7ca5fc6 elementor-widget elementor-widget-text-editor\" data-id=\"7ca5fc6\" data-element_type=\"widget\" data-e-type=\"widget\" data-widget_type=\"text-editor.default\">\n\t\t\t\t<div class=\"elementor-widget-container\">\n\t\t\t\t\t\t\t\t\t<p>Na na\u0161em e-shopu nab\u00edz\u00edme hned n\u011bkolik prov\u011b\u0159en\u00fdch a kvalitn\u00edch regul\u00e1tor\u016f pro oh\u0159ev tepl\u00e9 \u00fa\u017eitkov\u00e9 vody za pomoci fotovoltaick\u00fdch panel\u016f. Pod\u00edvejte se na na\u0161i nab\u00eddku nebo v p\u0159\u00edpad\u011b dotaz\u016f \u010di pot\u0159eby poradit s realizac\u00ed n\u00e1s kontaktujte.<\/p>\t\t\t\t\t\t\t\t<\/div>\n\t\t\t\t<\/div>\n\t\t\t\t<div class=\"elementor-element elementor-element-d8b4929 elementor-align-left elementor-mobile-align-left elementor-widget elementor-widget-button\" data-id=\"d8b4929\" data-element_type=\"widget\" data-e-type=\"widget\" data-widget_type=\"button.default\">\n\t\t\t\t<div class=\"elementor-widget-container\">\n\t\t\t\t\t\t\t\t\t<div class=\"elementor-button-wrapper\">\n\t\t\t\t\t<a class=\"elementor-button elementor-button-link elementor-size-md\" href=\"https:\/\/www.eshop.sapro.cz\/solarni-energie-fve-fotovoltaicky-ohrev-vody_c9218.html\">\n\t\t\t\t\t\t<span class=\"elementor-button-content-wrapper\">\n\t\t\t\t\t\t\t\t\t<span class=\"elementor-button-text\">Nav\u0161t\u00edvit e-shop<\/span>\n\t\t\t\t\t<\/span>\n\t\t\t\t\t<\/a>\n\t\t\t\t<\/div>\n\t\t\t\t\t\t\t\t<\/div>\n\t\t\t\t<\/div>\n\t\t\t\t\t<\/div>\n\t\t<\/div>\n\t\t\t\t\t<\/div>\n\t\t<\/section>\n\t\t\t\t<\/div>","protected":false},"excerpt":{"rendered":"<p>Fotovoltaick\u00fd oh\u0159ev vody P\u0159em\u00fd\u0161l\u00edte o fotovoltaick\u00e9m oh\u0159evu tepl\u00e9 \u00fa\u017eitkov\u00e9 vody? Jste na spr\u00e1vn\u00e9m m\u00edst\u011b. Spo\u010d\u00edtejte si dotaci na fotovoltaiku Spo\u010d\u00edtejte si odhadovanou v\u00fd\u0161i dotace z programu Nov\u00e1 zelen\u00e1 \u00faspor\u00e1m. V\u00fdpo\u010det vych\u00e1z\u00ed z pr\u016fm\u011brn\u00e9 v\u00fd\u0161e finan\u010dn\u00ed podpory ji\u017e podan\u00fdch \u017e\u00e1dost\u00ed. S dotac\u00ed a realizac\u00ed v\u00e1m r\u00e1di pom\u016f\u017eeme a porad\u00edme. Spo\u010d\u00edtat Vyberte si z na\u0161\u00ed nab\u00eddky nebo&hellip;&nbsp;<\/p>","protected":false},"author":1,"featured_media":0,"parent":0,"menu_order":0,"comment_status":"closed","ping_status":"closed","template":"page-templates\/template-pagebuilder-full-width.php","meta":{"om_disable_all_campaigns":false,"_monsterinsights_skip_tracking":false,"_monsterinsights_sitenote_active":false,"_monsterinsights_sitenote_note":"","_monsterinsights_sitenote_category":0,"neve_meta_sidebar":"","neve_meta_container":"","neve_meta_enable_content_width":"","neve_meta_content_width":0,"neve_meta_title_alignment":"","neve_meta_author_avatar":"","neve_post_elements_order":"","neve_meta_disable_header":"","neve_meta_disable_footer":"","neve_meta_disable_title":"","footnotes":""},"class_list":["post-2143","page","type-page","status-publish","hentry"],"aioseo_notices":[],"_links":{"self":[{"href":"https:\/\/sapro.cz\/2022\/sk\/wp-json\/wp\/v2\/pages\/2143","targetHints":{"allow":["GET"]}}],"collection":[{"href":"https:\/\/sapro.cz\/2022\/sk\/wp-json\/wp\/v2\/pages"}],"about":[{"href":"https:\/\/sapro.cz\/2022\/sk\/wp-json\/wp\/v2\/types\/page"}],"author":[{"embeddable":true,"href":"https:\/\/sapro.cz\/2022\/sk\/wp-json\/wp\/v2\/users\/1"}],"replies":[{"embeddable":true,"href":"https:\/\/sapro.cz\/2022\/sk\/wp-json\/wp\/v2\/comments?post=2143"}],"version-history":[{"count":22,"href":"https:\/\/sapro.cz\/2022\/sk\/wp-json\/wp\/v2\/pages\/2143\/revisions"}],"predecessor-version":[{"id":2173,"href":"https:\/\/sapro.cz\/2022\/sk\/wp-json\/wp\/v2\/pages\/2143\/revisions\/2173"}],"wp:attachment":[{"href":"https:\/\/sapro.cz\/2022\/sk\/wp-json\/wp\/v2\/media?parent=2143"}],"curies":[{"name":"wp","href":"https:\/\/api.w.org\/{rel}","templated":true}]}}