{"id":3352,"date":"2024-08-28T14:34:21","date_gmt":"2024-08-28T14:34:21","guid":{"rendered":"https:\/\/sapro.cz\/2022\/?page_id=3352"},"modified":"2024-09-12T18:04:16","modified_gmt":"2024-09-12T18:04:16","slug":"regulator-pro-fotovoltaicky-ohrev-vody-sapro-fve-mppt-3500w","status":"publish","type":"page","link":"https:\/\/sapro.cz\/2022\/sk\/regulator-pro-fotovoltaicky-ohrev-vody-sapro-fve-mppt-3500w\/","title":{"rendered":"Regul\u00e1tor pro fotovoltaick\u00fd oh\u0159ev vody SAPRO FVE MPPT 3500W"},"content":{"rendered":"<div data-elementor-type=\"wp-page\" data-elementor-id=\"3352\" class=\"elementor elementor-3352\">\n\t\t\t\t\t\t<section class=\"elementor-section elementor-top-section elementor-element elementor-element-a5819b0 elementor-section-height-min-height elementor-section-content-middle elementor-section-boxed elementor-section-height-default elementor-section-items-middle\" data-id=\"a5819b0\" data-element_type=\"section\" data-e-type=\"section\" data-settings=\"{&quot;background_background&quot;:&quot;classic&quot;}\">\n\t\t\t\t\t\t<div class=\"elementor-container elementor-column-gap-default\">\n\t\t\t\t\t<div class=\"elementor-column elementor-col-50 elementor-top-column elementor-element elementor-element-808c95c\" data-id=\"808c95c\" data-element_type=\"column\" data-e-type=\"column\">\n\t\t\t<div class=\"elementor-widget-wrap elementor-element-populated\">\n\t\t\t\t\t\t<div class=\"elementor-element elementor-element-aea7bc5 elementor-widget elementor-widget-heading\" data-id=\"aea7bc5\" data-element_type=\"widget\" data-e-type=\"widget\" data-widget_type=\"heading.default\">\n\t\t\t\t<div class=\"elementor-widget-container\">\n\t\t\t\t\t<h1 class=\"elementor-heading-title elementor-size-default\">SAPRO fotovoltaick\u00fd MPPT regul\u00e1tor pro oh\u0159ev tepl\u00e9 \u00fa\u017eitkov\u00e9 vody 3500W<\/h1>\t\t\t\t<\/div>\n\t\t\t\t<\/div>\n\t\t\t\t<div class=\"elementor-element elementor-element-7df3c80 elementor-widget elementor-widget-heading\" data-id=\"7df3c80\" data-element_type=\"widget\" data-e-type=\"widget\" data-widget_type=\"heading.default\">\n\t\t\t\t<div class=\"elementor-widget-container\">\n\t\t\t\t\t<h2 class=\"elementor-heading-title elementor-size-default\">Chytr\u00fd regul\u00e1tor s WI-FI vyroben\u00fd v \u010cesk\u00e9 republice<\/h2>\t\t\t\t<\/div>\n\t\t\t\t<\/div>\n\t\t\t\t<div class=\"elementor-element elementor-element-0e02547 elementor-widget elementor-widget-text-editor\" data-id=\"0e02547\" data-element_type=\"widget\" data-e-type=\"widget\" data-widget_type=\"text-editor.default\">\n\t\t\t\t<div class=\"elementor-widget-container\">\n\t\t\t\t\t\t\t\t\t<p><strong>Kompaktn\u00ed<\/strong>, pln\u011b automatick\u00fd <strong>MPPT st\u0159\u00edda\u010d<\/strong> pro oh\u0159ev <strong>TUV<\/strong> z fotovoltaick\u00fdch panel\u016f s kryt\u00edm <strong>IP54<\/strong>, vhodn\u00fd i pro prostory se zv\u00fd\u0161en\u00fdm zne\u010di\u0161t\u011bn\u00edm a vlhkost\u00ed. Jednoduch\u00e9 <strong>Plug and play<\/strong> \u0159e\u0161en\u00ed umo\u017e\u0148uje p\u0159ipojit FVE panely a spot\u0159ebi\u010d bez nutnosti dal\u0161\u00edho nastavov\u00e1n\u00ed. St\u0159\u00edda\u010d je vybaven z\u00e1lohovan\u00fdm \u010dasem, dv\u011bma v\u00fdstupy pro bojler (z\u00e1suvka a intern\u00ed svorkovnice), vstupem pro <strong>termostat<\/strong>, a mo\u017enost\u00ed \u0159\u00edzen\u00ed p\u0159es <strong>HDO<\/strong> nebo extern\u00ed \u0159\u00edzen\u00ed p\u0159es <strong>230V<\/strong>. Z\u00e1lo\u017en\u00ed oh\u0159ev <strong>TUV<\/strong> je zaji\u0161t\u011bn vstupem <strong>230V AC<\/strong>. D\u00edky <strong>Wi-Fi<\/strong> p\u0159\u00edstupu je mo\u017en\u00e9 st\u0159\u00edda\u010d ovl\u00e1dat, aktualizovat a sledovat statistiky online. Za\u0159\u00edzen\u00ed je nav\u00edc bezhlu\u010dn\u00e9 d\u00edky <strong>pasivn\u00edmu chlazen\u00ed<\/strong>.<\/p>\t\t\t\t\t\t\t\t<\/div>\n\t\t\t\t<\/div>\n\t\t\t\t<div class=\"elementor-element elementor-element-23696e2 elementor-align-left elementor-mobile-align-center elementor-widget elementor-widget-button\" data-id=\"23696e2\" data-element_type=\"widget\" data-e-type=\"widget\" data-widget_type=\"button.default\">\n\t\t\t\t<div class=\"elementor-widget-container\">\n\t\t\t\t\t\t\t\t\t<div class=\"elementor-button-wrapper\">\n\t\t\t\t\t<a class=\"elementor-button elementor-button-link elementor-size-sm\" href=\"https:\/\/www.eshop.sapro.cz\/sapro-fve-mppt-regulator-tuv-3500w-eco-smart-wi-fi_d764392.html\">\n\t\t\t\t\t\t<span class=\"elementor-button-content-wrapper\">\n\t\t\t\t\t\t\t\t\t<span class=\"elementor-button-text\">Nakoupit na e-shopu<\/span>\n\t\t\t\t\t<\/span>\n\t\t\t\t\t<\/a>\n\t\t\t\t<\/div>\n\t\t\t\t\t\t\t\t<\/div>\n\t\t\t\t<\/div>\n\t\t\t\t\t<\/div>\n\t\t<\/div>\n\t\t\t\t<div class=\"elementor-column elementor-col-50 elementor-top-column elementor-element elementor-element-8eb28a0\" data-id=\"8eb28a0\" data-element_type=\"column\" data-e-type=\"column\">\n\t\t\t<div class=\"elementor-widget-wrap elementor-element-populated\">\n\t\t\t\t\t\t<div class=\"elementor-element elementor-element-bf84c22 elementor-widget elementor-widget-image\" data-id=\"bf84c22\" data-element_type=\"widget\" data-e-type=\"widget\" data-widget_type=\"image.default\">\n\t\t\t\t<div class=\"elementor-widget-container\">\n\t\t\t\t\t\t\t\t\t\t\t\t\t\t\t<img fetchpriority=\"high\" decoding=\"async\" width=\"588\" height=\"424\" src=\"https:\/\/sapro.cz\/2022\/wp-content\/uploads\/2024\/09\/DSC_9777_6276-removebg-preview.png\" class=\"attachment-large size-large wp-image-3362\" alt=\"\" srcset=\"https:\/\/sapro.cz\/2022\/wp-content\/uploads\/2024\/09\/DSC_9777_6276-removebg-preview.png 588w, https:\/\/sapro.cz\/2022\/wp-content\/uploads\/2024\/09\/DSC_9777_6276-removebg-preview-300x216.png 300w, https:\/\/sapro.cz\/2022\/wp-content\/uploads\/2024\/09\/DSC_9777_6276-removebg-preview-18x12.png 18w\" sizes=\"(max-width: 588px) 100vw, 588px\" \/>\t\t\t\t\t\t\t\t\t\t\t\t\t\t\t<\/div>\n\t\t\t\t<\/div>\n\t\t\t\t\t<\/div>\n\t\t<\/div>\n\t\t\t\t\t<\/div>\n\t\t<\/section>\n\t\t\t\t<section class=\"elementor-section elementor-top-section elementor-element elementor-element-0a6e271 elementor-section-content-middle elementor-section-boxed elementor-section-height-default elementor-section-height-default\" data-id=\"0a6e271\" data-element_type=\"section\" data-e-type=\"section\">\n\t\t\t\t\t\t<div class=\"elementor-container elementor-column-gap-default\">\n\t\t\t\t\t<div class=\"elementor-column elementor-col-50 elementor-top-column elementor-element elementor-element-c066897\" data-id=\"c066897\" data-element_type=\"column\" data-e-type=\"column\">\n\t\t\t<div class=\"elementor-widget-wrap elementor-element-populated\">\n\t\t\t\t\t\t<div class=\"elementor-element elementor-element-d22b9b9 elementor-arrows-position-inside elementor-pagination-position-outside elementor-widget elementor-widget-image-carousel\" data-id=\"d22b9b9\" data-element_type=\"widget\" data-e-type=\"widget\" data-settings=\"{&quot;slides_to_show&quot;:&quot;1&quot;,&quot;navigation&quot;:&quot;both&quot;,&quot;autoplay&quot;:&quot;yes&quot;,&quot;pause_on_hover&quot;:&quot;yes&quot;,&quot;pause_on_interaction&quot;:&quot;yes&quot;,&quot;autoplay_speed&quot;:5000,&quot;infinite&quot;:&quot;yes&quot;,&quot;effect&quot;:&quot;slide&quot;,&quot;speed&quot;:500}\" data-widget_type=\"image-carousel.default\">\n\t\t\t\t<div class=\"elementor-widget-container\">\n\t\t\t\t\t\t\t<div class=\"elementor-image-carousel-wrapper swiper\" role=\"region\" aria-roledescription=\"carousel\" aria-label=\"Obr\u00e1zkov\u00fd koloto\u010d\" dir=\"ltr\">\n\t\t\t<div class=\"elementor-image-carousel swiper-wrapper\" aria-live=\"off\">\n\t\t\t\t\t\t\t\t<div class=\"swiper-slide\" role=\"group\" aria-roledescription=\"slide\" aria-label=\"1 z 7\"><figure class=\"swiper-slide-inner\"><img decoding=\"async\" class=\"swiper-slide-image\" src=\"https:\/\/sapro.cz\/2022\/wp-content\/uploads\/2024\/09\/DSC_9784_6278-scaled.jpg\" alt=\"DSC_9784_6278\" \/><\/figure><\/div><div class=\"swiper-slide\" role=\"group\" aria-roledescription=\"slide\" aria-label=\"2 z 7\"><figure class=\"swiper-slide-inner\"><img decoding=\"async\" class=\"swiper-slide-image\" src=\"https:\/\/sapro.cz\/2022\/wp-content\/uploads\/2024\/09\/DSC_9780_6277-scaled.jpg\" alt=\"DSC_9780_6277\" \/><\/figure><\/div><div class=\"swiper-slide\" role=\"group\" aria-roledescription=\"slide\" aria-label=\"3 z 7\"><figure class=\"swiper-slide-inner\"><img decoding=\"async\" class=\"swiper-slide-image\" src=\"https:\/\/sapro.cz\/2022\/wp-content\/uploads\/2024\/09\/DSC_9777_6276-1-scaled.jpg\" alt=\"DSC_9777_6276\" \/><\/figure><\/div><div class=\"swiper-slide\" role=\"group\" aria-roledescription=\"slide\" aria-label=\"4 z 7\"><figure class=\"swiper-slide-inner\"><img decoding=\"async\" class=\"swiper-slide-image\" src=\"https:\/\/sapro.cz\/2022\/wp-content\/uploads\/2024\/09\/DSC_9776_6275-scaled.jpg\" alt=\"DSC_9776_6275\" \/><\/figure><\/div><div class=\"swiper-slide\" role=\"group\" aria-roledescription=\"slide\" aria-label=\"5 z 7\"><figure class=\"swiper-slide-inner\"><img decoding=\"async\" class=\"swiper-slide-image\" src=\"https:\/\/sapro.cz\/2022\/wp-content\/uploads\/2024\/09\/DSC_9791_6282-scaled.jpg\" alt=\"DSC_9791_6282\" \/><\/figure><\/div><div class=\"swiper-slide\" role=\"group\" aria-roledescription=\"slide\" aria-label=\"6 z 7\"><figure class=\"swiper-slide-inner\"><img decoding=\"async\" class=\"swiper-slide-image\" src=\"https:\/\/sapro.cz\/2022\/wp-content\/uploads\/2024\/09\/DSC_9790_6281-scaled.jpg\" alt=\"DSC_9790_6281\" \/><\/figure><\/div><div class=\"swiper-slide\" role=\"group\" aria-roledescription=\"slide\" aria-label=\"7 z 7\"><figure class=\"swiper-slide-inner\"><img decoding=\"async\" class=\"swiper-slide-image\" src=\"https:\/\/sapro.cz\/2022\/wp-content\/uploads\/2024\/09\/DSC_9792_6283-scaled.jpg\" alt=\"DSC_9792_6283\" \/><\/figure><\/div>\t\t\t<\/div>\n\t\t\t\t\t\t\t\t\t\t\t\t<div class=\"elementor-swiper-button elementor-swiper-button-prev\" role=\"button\" tabindex=\"0\">\n\t\t\t\t\t\t<i aria-hidden=\"true\" class=\"eicon-chevron-left\"><\/i>\t\t\t\t\t<\/div>\n\t\t\t\t\t<div class=\"elementor-swiper-button elementor-swiper-button-next\" role=\"button\" tabindex=\"0\">\n\t\t\t\t\t\t<i aria-hidden=\"true\" class=\"eicon-chevron-right\"><\/i>\t\t\t\t\t<\/div>\n\t\t\t\t\n\t\t\t\t\t\t\t\t\t<div class=\"swiper-pagination\"><\/div>\n\t\t\t\t\t\t\t\t\t<\/div>\n\t\t\t\t\t\t<\/div>\n\t\t\t\t<\/div>\n\t\t\t\t\t<\/div>\n\t\t<\/div>\n\t\t\t\t<div class=\"elementor-column elementor-col-50 elementor-top-column elementor-element elementor-element-99468e7\" data-id=\"99468e7\" data-element_type=\"column\" data-e-type=\"column\">\n\t\t\t<div class=\"elementor-widget-wrap elementor-element-populated\">\n\t\t\t\t\t\t<div class=\"elementor-element elementor-element-2b18864 elementor-widget elementor-widget-heading\" data-id=\"2b18864\" data-element_type=\"widget\" data-e-type=\"widget\" data-widget_type=\"heading.default\">\n\t\t\t\t<div class=\"elementor-widget-container\">\n\t\t\t\t\t<h2 class=\"elementor-heading-title elementor-size-default\">Kl\u00ed\u010dov\u00e9 vlastnosti regul\u00e1toru SAPRO MPPT 3500W<\/h2>\t\t\t\t<\/div>\n\t\t\t\t<\/div>\n\t\t\t\t<div class=\"elementor-element elementor-element-6903eda elementor-widget elementor-widget-text-editor\" data-id=\"6903eda\" data-element_type=\"widget\" data-e-type=\"widget\" data-widget_type=\"text-editor.default\">\n\t\t\t\t<div class=\"elementor-widget-container\">\n\t\t\t\t\t\t\t\t\t<ul><li><strong>Vstupn\u00ed nap\u011bt\u00ed FVE<\/strong>: 80-350 V DC<\/li><li><strong>Vstupn\u00ed nap\u011bt\u00ed AC<\/strong>: 230 V (z\u00e1lo\u017en\u00ed oh\u0159ev)<\/li><li><strong>Maxim\u00e1ln\u00ed v\u00fdkon<\/strong>: 3500 W<\/li><li><strong>\u00da\u010dinnost<\/strong>: &gt; 98,5 %<\/li><li><strong>Pasivn\u00ed chlazen\u00ed<\/strong> a tich\u00fd provoz (&lt; 40 dB)<\/li><li><strong>Wi-Fi p\u0159\u00edstup<\/strong>: ovl\u00e1d\u00e1n\u00ed, aktualizace a statistiky p\u0159es web<\/li><li><strong>Vstup pro termostat<\/strong> a \u0159\u00edzen\u00ed p\u0159es <strong>HDO<\/strong><\/li><li><strong>Vstup 230 V AC<\/strong> pro z\u00e1lo\u017en\u00ed oh\u0159ev TUV<\/li><li><strong>Displej<\/strong>: barevn\u00fd podsv\u00edcen\u00fd s ovl\u00e1dac\u00edmi tla\u010d\u00edtky<\/li><\/ul>\t\t\t\t\t\t\t\t<\/div>\n\t\t\t\t<\/div>\n\t\t\t\t<div class=\"elementor-element elementor-element-5d24ad5 elementor-widget elementor-widget-heading\" data-id=\"5d24ad5\" data-element_type=\"widget\" data-e-type=\"widget\" data-widget_type=\"heading.default\">\n\t\t\t\t<div class=\"elementor-widget-container\">\n\t\t\t\t\t<h2 class=\"elementor-heading-title elementor-size-default\">Dal\u0161\u00ed parametry regul\u00e1toru:<\/h2>\t\t\t\t<\/div>\n\t\t\t\t<\/div>\n\t\t\t\t<div class=\"elementor-element elementor-element-314b234 elementor-widget elementor-widget-text-editor\" data-id=\"314b234\" data-element_type=\"widget\" data-e-type=\"widget\" data-widget_type=\"text-editor.default\">\n\t\t\t\t<div class=\"elementor-widget-container\">\n\t\t\t\t\t\t\t\t\t<ul><li>Pracovn\u00ed teplota: -25 a\u017e 40\u00b0C, vlhkost a\u017e 95 %<\/li><li>Rozm\u011bry: 300x220x150 mm, hmotnost: 2,2 kg<\/li><li><strong>Ochrany<\/strong>: tepeln\u00e1, proti p\u0159et\u00ed\u017een\u00ed a zkratu<\/li><li><strong>Podpora jazyk\u016f<\/strong>: \u010de\u0161tina, angli\u010dtina, n\u011bm\u010dina, a dal\u0161\u00ed<\/li><\/ul><p>St\u0159\u00edda\u010d je vybaven funkcemi pro <strong>statistiky v\u00fdroby energie<\/strong>, \u010dasova\u010dem a re\u00e1ln\u00fdmi hodinami. Podporuje <strong>aktualizaci firmwaru<\/strong> a je kompatibiln\u00ed s programem <strong>Nov\u00e1 zelen\u00e1 \u00faspor\u00e1m<\/strong>.<\/p><p><strong>Pou\u017eit\u00ed<\/strong>: pouze pro odporov\u00e9 z\u00e1t\u011b\u017ee.<\/p>\t\t\t\t\t\t\t\t<\/div>\n\t\t\t\t<\/div>\n\t\t\t\t\t<\/div>\n\t\t<\/div>\n\t\t\t\t\t<\/div>\n\t\t<\/section>\n\t\t\t\t<section class=\"elementor-section elementor-top-section elementor-element elementor-element-0d11648 elementor-section-boxed elementor-section-height-default elementor-section-height-default\" data-id=\"0d11648\" data-element_type=\"section\" data-e-type=\"section\">\n\t\t\t\t\t\t<div class=\"elementor-container elementor-column-gap-default\">\n\t\t\t\t\t<div class=\"elementor-column elementor-col-100 elementor-top-column elementor-element elementor-element-3947261\" data-id=\"3947261\" data-element_type=\"column\" data-e-type=\"column\">\n\t\t\t<div class=\"elementor-widget-wrap elementor-element-populated\">\n\t\t\t\t\t\t<section class=\"elementor-section elementor-inner-section elementor-element elementor-element-98558b5 elementor-section-content-middle elementor-section-boxed elementor-section-height-default elementor-section-height-default\" data-id=\"98558b5\" data-element_type=\"section\" data-e-type=\"section\" data-settings=\"{&quot;background_background&quot;:&quot;classic&quot;}\">\n\t\t\t\t\t\t<div class=\"elementor-container elementor-column-gap-default\">\n\t\t\t\t\t<div class=\"elementor-column elementor-col-33 elementor-inner-column elementor-element elementor-element-980db07\" data-id=\"980db07\" data-element_type=\"column\" data-e-type=\"column\">\n\t\t\t<div class=\"elementor-widget-wrap elementor-element-populated\">\n\t\t\t\t\t\t<div class=\"elementor-element elementor-element-a8389b5 elementor-view-default elementor-widget elementor-widget-icon\" data-id=\"a8389b5\" data-element_type=\"widget\" data-e-type=\"widget\" data-widget_type=\"icon.default\">\n\t\t\t\t<div class=\"elementor-widget-container\">\n\t\t\t\t\t\t\t<div class=\"elementor-icon-wrapper\">\n\t\t\t<div class=\"elementor-icon\">\n\t\t\t<i aria-hidden=\"true\" class=\"icon icon-money-bag\"><\/i>\t\t\t<\/div>\n\t\t<\/div>\n\t\t\t\t\t\t<\/div>\n\t\t\t\t<\/div>\n\t\t\t\t\t<\/div>\n\t\t<\/div>\n\t\t\t\t<div class=\"elementor-column elementor-col-33 elementor-inner-column elementor-element elementor-element-b7df090\" data-id=\"b7df090\" data-element_type=\"column\" data-e-type=\"column\">\n\t\t\t<div class=\"elementor-widget-wrap elementor-element-populated\">\n\t\t\t\t\t\t<div class=\"elementor-element elementor-element-5ca7468 elementor-widget elementor-widget-heading\" data-id=\"5ca7468\" data-element_type=\"widget\" data-e-type=\"widget\" data-widget_type=\"heading.default\">\n\t\t\t\t<div class=\"elementor-widget-container\">\n\t\t\t\t\t<span class=\"elementor-heading-title elementor-size-default\">N\u00e1\u0161 regul\u00e1tor je kompatibiln\u00ed s programem Nov\u00e1 zelen\u00e1 \u00faspor\u00e1m<\/span>\t\t\t\t<\/div>\n\t\t\t\t<\/div>\n\t\t\t\t\t<\/div>\n\t\t<\/div>\n\t\t\t\t<div class=\"elementor-column elementor-col-33 elementor-inner-column elementor-element elementor-element-53083b7\" data-id=\"53083b7\" data-element_type=\"column\" data-e-type=\"column\">\n\t\t\t<div class=\"elementor-widget-wrap elementor-element-populated\">\n\t\t\t\t\t\t<div class=\"elementor-element elementor-element-2b6c6a4 elementor-align-right elementor-mobile-align-center elementor-tablet-align-center elementor-widget__width-initial elementor-widget elementor-widget-button\" data-id=\"2b6c6a4\" data-element_type=\"widget\" data-e-type=\"widget\" data-widget_type=\"button.default\">\n\t\t\t\t<div class=\"elementor-widget-container\">\n\t\t\t\t\t\t\t\t\t<div class=\"elementor-button-wrapper\">\n\t\t\t\t\t<a class=\"elementor-button elementor-button-link elementor-size-md\" href=\"https:\/\/novazelenausporam.cz\/nzu-light\/\">\n\t\t\t\t\t\t<span class=\"elementor-button-content-wrapper\">\n\t\t\t\t\t\t\t\t\t<span class=\"elementor-button-text\">V\u00edce o dotaci<\/span>\n\t\t\t\t\t<\/span>\n\t\t\t\t\t<\/a>\n\t\t\t\t<\/div>\n\t\t\t\t\t\t\t\t<\/div>\n\t\t\t\t<\/div>\n\t\t\t\t\t<\/div>\n\t\t<\/div>\n\t\t\t\t\t<\/div>\n\t\t<\/section>\n\t\t\t\t\t<\/div>\n\t\t<\/div>\n\t\t\t\t\t<\/div>\n\t\t<\/section>\n\t\t\t\t<section class=\"elementor-section elementor-top-section elementor-element elementor-element-a557782 elementor-section-boxed elementor-section-height-default elementor-section-height-default\" data-id=\"a557782\" data-element_type=\"section\" data-e-type=\"section\">\n\t\t\t\t\t\t<div class=\"elementor-container elementor-column-gap-default\">\n\t\t\t\t\t<div class=\"elementor-column elementor-col-100 elementor-top-column elementor-element elementor-element-d8641ca\" data-id=\"d8641ca\" data-element_type=\"column\" data-e-type=\"column\">\n\t\t\t<div class=\"elementor-widget-wrap elementor-element-populated\">\n\t\t\t\t\t\t<section class=\"elementor-section elementor-inner-section elementor-element elementor-element-240ae8b elementor-section-content-middle elementor-section-boxed elementor-section-height-default elementor-section-height-default\" data-id=\"240ae8b\" data-element_type=\"section\" data-e-type=\"section\" data-settings=\"{&quot;background_background&quot;:&quot;classic&quot;}\">\n\t\t\t\t\t\t<div class=\"elementor-container elementor-column-gap-default\">\n\t\t\t\t\t<div class=\"elementor-column elementor-col-33 elementor-inner-column elementor-element elementor-element-d18eae5\" data-id=\"d18eae5\" data-element_type=\"column\" data-e-type=\"column\">\n\t\t\t<div class=\"elementor-widget-wrap elementor-element-populated\">\n\t\t\t\t\t\t<div class=\"elementor-element elementor-element-94feb8c elementor-view-default elementor-widget elementor-widget-icon\" data-id=\"94feb8c\" data-element_type=\"widget\" data-e-type=\"widget\" data-widget_type=\"icon.default\">\n\t\t\t\t<div class=\"elementor-widget-container\">\n\t\t\t\t\t\t\t<div class=\"elementor-icon-wrapper\">\n\t\t\t<div class=\"elementor-icon\">\n\t\t\t<i aria-hidden=\"true\" class=\"fas fa-shopping-cart\"><\/i>\t\t\t<\/div>\n\t\t<\/div>\n\t\t\t\t\t\t<\/div>\n\t\t\t\t<\/div>\n\t\t\t\t\t<\/div>\n\t\t<\/div>\n\t\t\t\t<div class=\"elementor-column elementor-col-33 elementor-inner-column elementor-element elementor-element-1e91c2b\" data-id=\"1e91c2b\" data-element_type=\"column\" data-e-type=\"column\">\n\t\t\t<div class=\"elementor-widget-wrap elementor-element-populated\">\n\t\t\t\t\t\t<div class=\"elementor-element elementor-element-9547243 elementor-widget elementor-widget-heading\" data-id=\"9547243\" data-element_type=\"widget\" data-e-type=\"widget\" data-widget_type=\"heading.default\">\n\t\t\t\t<div class=\"elementor-widget-container\">\n\t\t\t\t\t<span class=\"elementor-heading-title elementor-size-default\">Nakupujte i velkoobchodn\u011b n\u00e1\u0161 regul\u00e1tor p\u0159\u00edmo na na\u0161em e-shopu<\/span>\t\t\t\t<\/div>\n\t\t\t\t<\/div>\n\t\t\t\t\t<\/div>\n\t\t<\/div>\n\t\t\t\t<div class=\"elementor-column elementor-col-33 elementor-inner-column elementor-element elementor-element-7dcb7be\" data-id=\"7dcb7be\" data-element_type=\"column\" data-e-type=\"column\">\n\t\t\t<div class=\"elementor-widget-wrap elementor-element-populated\">\n\t\t\t\t\t\t<div class=\"elementor-element elementor-element-1a20e5e elementor-align-right elementor-mobile-align-center elementor-tablet-align-center elementor-widget__width-initial elementor-widget elementor-widget-button\" data-id=\"1a20e5e\" data-element_type=\"widget\" data-e-type=\"widget\" data-widget_type=\"button.default\">\n\t\t\t\t<div class=\"elementor-widget-container\">\n\t\t\t\t\t\t\t\t\t<div class=\"elementor-button-wrapper\">\n\t\t\t\t\t<a class=\"elementor-button elementor-button-link elementor-size-md\" href=\"https:\/\/www.eshop.sapro.cz\/sapro-fve-mppt-regulator-tuv-3500w-eco-smart-wi-fi_d764392.html\">\n\t\t\t\t\t\t<span class=\"elementor-button-content-wrapper\">\n\t\t\t\t\t\t\t\t\t<span class=\"elementor-button-text\">Nav\u0161t\u00edvit e-shop<\/span>\n\t\t\t\t\t<\/span>\n\t\t\t\t\t<\/a>\n\t\t\t\t<\/div>\n\t\t\t\t\t\t\t\t<\/div>\n\t\t\t\t<\/div>\n\t\t\t\t\t<\/div>\n\t\t<\/div>\n\t\t\t\t\t<\/div>\n\t\t<\/section>\n\t\t\t\t\t<\/div>\n\t\t<\/div>\n\t\t\t\t\t<\/div>\n\t\t<\/section>\n\t\t\t\t<\/div>","protected":false},"excerpt":{"rendered":"<p>SAPRO fotovoltaick\u00fd MPPT regul\u00e1tor pro oh\u0159ev tepl\u00e9 \u00fa\u017eitkov\u00e9 vody 3500W Chytr\u00fd regul\u00e1tor s WI-FI vyroben\u00fd v \u010cesk\u00e9 republice Kompaktn\u00ed, pln\u011b automatick\u00fd MPPT st\u0159\u00edda\u010d pro oh\u0159ev TUV z fotovoltaick\u00fdch panel\u016f s kryt\u00edm IP54, vhodn\u00fd i pro prostory se zv\u00fd\u0161en\u00fdm zne\u010di\u0161t\u011bn\u00edm a vlhkost\u00ed. Jednoduch\u00e9 Plug and play \u0159e\u0161en\u00ed umo\u017e\u0148uje p\u0159ipojit FVE panely a spot\u0159ebi\u010d bez nutnosti dal\u0161\u00edho&hellip;&nbsp;<\/p>","protected":false},"author":1,"featured_media":0,"parent":0,"menu_order":0,"comment_status":"closed","ping_status":"closed","template":"page-templates\/template-pagebuilder-full-width.php","meta":{"om_disable_all_campaigns":false,"_monsterinsights_skip_tracking":false,"_monsterinsights_sitenote_active":false,"_monsterinsights_sitenote_note":"","_monsterinsights_sitenote_category":0,"neve_meta_sidebar":"","neve_meta_container":"","neve_meta_enable_content_width":"","neve_meta_content_width":0,"neve_meta_title_alignment":"","neve_meta_author_avatar":"","neve_post_elements_order":"","neve_meta_disable_header":"","neve_meta_disable_footer":"","neve_meta_disable_title":"","footnotes":""},"class_list":["post-3352","page","type-page","status-publish","hentry"],"aioseo_notices":[],"_links":{"self":[{"href":"https:\/\/sapro.cz\/2022\/sk\/wp-json\/wp\/v2\/pages\/3352","targetHints":{"allow":["GET"]}}],"collection":[{"href":"https:\/\/sapro.cz\/2022\/sk\/wp-json\/wp\/v2\/pages"}],"about":[{"href":"https:\/\/sapro.cz\/2022\/sk\/wp-json\/wp\/v2\/types\/page"}],"author":[{"embeddable":true,"href":"https:\/\/sapro.cz\/2022\/sk\/wp-json\/wp\/v2\/users\/1"}],"replies":[{"embeddable":true,"href":"https:\/\/sapro.cz\/2022\/sk\/wp-json\/wp\/v2\/comments?post=3352"}],"version-history":[{"count":31,"href":"https:\/\/sapro.cz\/2022\/sk\/wp-json\/wp\/v2\/pages\/3352\/revisions"}],"predecessor-version":[{"id":3403,"href":"https:\/\/sapro.cz\/2022\/sk\/wp-json\/wp\/v2\/pages\/3352\/revisions\/3403"}],"wp:attachment":[{"href":"https:\/\/sapro.cz\/2022\/sk\/wp-json\/wp\/v2\/media?parent=3352"}],"curies":[{"name":"wp","href":"https:\/\/api.w.org\/{rel}","templated":true}]}}